{"id":217,"date":"2020-10-15T14:20:32","date_gmt":"2020-10-15T14:20:32","guid":{"rendered":"http:\/\/192.168.100.222\/?page_id=217"},"modified":"2023-03-30T13:32:18","modified_gmt":"2023-03-30T13:32:18","slug":"integratoren-provider","status":"publish","type":"page","link":"https:\/\/www.ctmodule.com\/de\/integratoren-provider\/","title":{"rendered":"Integratoren und Provider"},"content":{"rendered":"<h1>Callisto f\u00fcr Integratoren & Provider<\/h1><h2>Modulare, all-in-one Applikationsplattform zur Erg\u00e4nzung der UCC-L\u00f6sungen Ihrer Endkunden<\/h2><p><p>Hier bei uns finden Sie alles was Sie brauchen und mehr f\u00fcr ihre Kunden auf einer einzigen, modularen UCC-Applikationsplattform f\u00fcr alle ihre UCC-Projekte.<br \/>\nMit \u00fcber 50 verschiedenen Applikationen auf einer einzigen Plattform und der einzigartigen Eigenschaft, massgeschneiderte Applikationen zur Laufzeit auf die Plattform aufzuspielen, decken sie mehr als 85% aller Kundenanfragen mit nur einem einzigen Produkt ab. Sparen sie jetzt mit Callisto \u00fcber all ihre Prozesse massiv&nbsp;an&nbsp;Kosten&nbsp;ein!<\/p>\n<\/p><h2>Als Systemintegrator oder Service Provider sind Sie hier richtig<\/h2><p>Sie offerieren Telefonie-Infrastruktur Projekte als Systemintegrator oder sind Service Provider f\u00fcr Managed- bzw. Cloud\/Hosted-L\u00f6sungen?<br \/>\nIhre Kunden verlangen neben den vielen, bereits vorhandenen Leistungsmerkmalen noch weitere Funktionalit\u00e4ten, eventuell individuelle L\u00f6sungen oder Integrationen in bestehende Systeme?<br \/>\nAber Applikationen, wie bspw. Vermittlerl\u00f6sung, Telefonbuch, Fax, Call Center, Sprachaufzeichnung oder gar eine Alarml\u00f6sung bzw. L\u00f6sungen f\u00fcr Ihre Branche, sei es Industrie, Handel, Hotellerie, Gesundheit oder gar Kreuzschifffahrt, fehlen noch, um Ihre Kunden gl\u00fccklich zu machen und dabei noch Kosten einzusparen?<\/p>\n<p><strong>Dann sind Sie bei uns richtig:<\/strong><br \/>\nHier bei uns finden Sie alles was Sie brauchen und mehr auf einer einzigen UCC-Applikationsplattform.<\/p>\n<p>Die weltweit einzigartige all-in-one Callisto UCC-Applikationsplattform ist f\u00fcr jede Branche geeignet, und skaliert von ganz klein bis ganz gross. Die Flexibilit\u00e4t und Modularit\u00e4t des Systems bedient deshalb sowohl Kleinstfirmen wie auch Konzerne \u2013 von Dienstleistung, Handel, Finanzen bis hin zu Industrie, Gewerbe und Tourismus \u2013 massgeschneidert und in h\u00f6chster Qualit\u00e4t. Nutzen Sie Callisto f\u00fcr Ihr Projektgesch\u00e4ft oder Ihre Managed- oder Cloud\/Hosted-L\u00f6sung!<\/p>\n<h2>Intelligente Architektur entwickelt f\u00fcr Service Provider<\/h2><div class=\"figure\"><img loading=\"lazy\" decoding=\"async\" class=\"size-large wp-image-6261 aligncenter\" role=\"img\" src=\"https:\/\/www.ctmodule.com\/wp-content\/uploads\/\/Callisto_Platform.svg\" alt=\"Callisto_Plattform\" width=\"1024\" height=\"1024\" \/><\/div>\n<p>Einfach und doch leistungsstark, modular und doch ein Ganzes, massgeschneidert und doch Standard, flexibel und doch eine Einheit, umfangreich und doch Ressourcen schonend, so l\u00e4sst sich das Konzept der modernen Callisto UCC-Applikationsplattform zusammenfassen.<\/p>\n<p>Entdecken Sie, wie viele andere Server sie durch den all-in-one Ansatz von Callisto einsparen k\u00f6nnen. Der Umfang an Applikationen auf nur einem System erleichtert ihre t\u00e4gliche Arbeit enorm und spart ihnen bis zu 50% an Betriebskosten pro Kunde.<\/p>\n<p>Erleben Sie selbst, wie sie in 1\u20114 Stunden die Callisto-Appliance in Ihrer virtuellen Umgebung aufgesetzt haben und mit den Basismodulen betriebsbereit sind. Keine weitere Installation von irgendwelchen OS, Datenbanken oder Komponenten: alles ist schon in Callisto drin. Jedes weitere Modul wird ganz einfach und intuitiv nach immer dem selben Prinzip bzw. \u00abLook &amp; Feel\u00bb konfiguriert.<\/p>\n<p>Haben Ihre Kunden von Zeit zu Zeit eine individuelle Anforderung f\u00fcr eine gew\u00fcnschte Applikation? \u2013 Kein Thema! Mit dem \u00abOpen Applications Manager\u00bb-Konzept von Callisto werden alle heutigen und zuk\u00fcnftigen individuellen Bed\u00fcrfnisse ihrer Kunden massgeschneidert abgedeckt, ohne den Versionspfad der Plattform zu verlassen. Sie spezifizieren \u2013 wir integrieren \u2013 Sie uploaden \u2013 Sie konfigurieren \u2013 fertig. Alles ohne Serviceunterbrechung.<\/p>\n<p>Kunden mit \u00fcber 25&#8217;000 Benutzern und Kunden mit mehr als 25&#8217;000 Calls auf Callisto t\u00e4glich, best\u00e4tigen die Leistungsf\u00e4higkeit der Plattform zu unschlagbar kleinem Ressourcenbedarf: Bis fast 1000 gleichzeitige Anrufe auf eine Callisto Instanz ben\u00f6tigt gerade mal, je nach Konfiguration, 2\u20116\u00a0GB RAM, 2\u20118\u00a0CPUs und 80\u00a0GB HD.<\/p>\n<h2>Darum ist Callisto f\u00fcr Sie die beste Wahl<\/h2><h3>All-in-one<\/h3><p>Mit \u00fcber 50 Applikationen ist Callisto die weltweit umfassendste Applikationsplattform f\u00fcr UCC-L\u00f6sungen. Der all-in-one Ansatz verhilft allen Return-on-Investment massiv zu senken.<\/p><h3>Modularit\u00e4t<\/h3><p>Die Modularit\u00e4t und die Vielfalt an Applikationen, l\u00e4sst Callisto zur weltweit flexibelsten Plattform f\u00fcr UCC-L\u00f6sungen werden. Die Flexibilit\u00e4t der Plattform bringt Kosteneinsparungen und Zukunftssicherheit.<\/p><h3>Massgeschneidert<\/h3><p>Das weltweit einzigartige OAM Konzept von Callisto, erm\u00f6glicht es massgefertigte Applikationen live auf die Plattform einzuspielen. Davon profitieren Endkunden durch die gezielte Bedarfsdeckung und Partner um Endkunden individueller bedienen k\u00f6nnen.<\/p><h3>Green-IT<\/h3><p>Auch wenn es um die Schonung von Ressourcen geht: Callisto. Bis ca. 1000 parallele Calls bew\u00e4ltigt die Plattform mit 2&#8209;6&nbsp;GB RAM, 2&#8209;8&nbsp;CPUs und 80&nbsp;GB HD. Sowohl Endkunden wie auch die Umwelt profitieren davon. <\/p><h3>Einfachheit<\/h3><p>Die Callisto-Plattform ist von seinen Entwicklern auf Einfachheit getrimmt. Einfachheit ist im gesamten Callisto-System zu finden und er\u00f6ffnet dem Endkunden Vorteile in Bezug auf stark reduzierte Gesamtkosten des Produkts im Lebenszyklus.<\/p><h3>Flexibilit\u00e4t<\/h3><p>Flexibilit\u00e4t nicht nur durch die grosse Anzahl von Modulen: Callisto kann zudem verschiedene Soft-PBX-Systeme bedienen. Weiter ist Callisto geeignet f\u00fcr den Einsatz vor Ort und Cloud- oder Service-Modellen. Dies garantiert das Mitwachsen mit dem Endkunden.<\/p><h3>Qualit\u00e4t<\/h3><p>Hohe Qualit\u00e4t liegt in unserer DNA. Installationen, die seit Jahren fehlerfrei laufen mit mehr als 25'000 zufriedenen Benutzern und 15'000 Anrufen pro Tag, beweisen die Stabilit\u00e4t von Callisto. Unsere Partner profitieren mit einer extrem hohen Kundenzufriedenheit.<\/p><h3>Probleml\u00f6ser<\/h3><p>Callisto hat auf jedes UCC-Bed\u00fcrfnis eine Antwort: mit \u00fcber 50 Applikationen, der Modularit\u00e4t und dem OAM-Konzept f\u00fcr angepasste Applikationen, hat Callisto eine L\u00f6sung. Sowohl Endkunden wie auch Partner lieben Callisto, weil es ihre Probleme gezielt l\u00f6st.<\/p><h3>Dienstleistungen<\/h3><p>Professionelle Dienstleistungen mit all unseren Produkten. Alle Leistungen werden von unseren Kunden t\u00e4glich gelobt, sei es in der kompetenten Verkaufsunterst\u00fctzung, dem schnellen Support oder den massgefertigten Modulen. Wir sind seit \u00fcber 20 Jahren ein verl\u00e4sslicher Partner.<\/p><h2>Wir meistern alle Ihre UCC-Heraus\u00adforderungen<\/h2><p>Sie tr\u00e4umen davon, auf jedes kundenspezifische UCC-Bed\u00fcrfnis die richtige, massgeschneiderte Antwort zu kennen und so Leuchtturm f\u00fcr Kompetenz und Qualit\u00e4t im Markt sowie Kundenmagnet zu sein und dabei erst noch Kosten einzusparen?<\/p>\n<p>Ihnen fehlt die eine, bestm\u00f6gliche UCC-Zusatzl\u00f6sung hinsichtlich <em>Umfang<\/em>, <em>Einfachheit, Kosteneffizienz, Investitionssicherheit, Flexibilit\u00e4t und Zuverl\u00e4ssigkeit<\/em>, um den verschiedenen, individuellen bzw. spezifischen UCC-Herausforderungen Ihrer Kunden begegnen zu k\u00f6nnen?<\/p>\n<p>Dann sind Sie bei uns genau richtig!<\/p>\n<h2>Der weltweit gr\u00f6sste Umfang an Applikationen<\/h2><p>Mit \u00fcber 50 verschiedenen Applikationen verf\u00fcgt die Callisto UCC-Applikationsplattform \u00fcber mehr L\u00f6sungen, als irgend eine andere Applikations-Suite. Dadurch erreicht jeder Service Provider, der Callisto einsetzt, die h\u00f6chst m\u00f6gliche Kosteneffizienz bez\u00fcglich:<\/p>\n<ul>\n<li><em>Auswahl:<\/em> keine zeitaufw\u00e4ndige Evaluationen mehr<\/li>\n<li><em>Beschaffung:<\/em> kurze, eingespielte Prozesse<\/li>\n<li><em>Installation und Konfiguration:<\/em> ein Look-and-Feel f\u00fcr alle Applikationen<\/li>\n<li><em>Training:<\/em> eine Mitarbeiter-Ausbildung f\u00fcr alle Anwendungen<\/li>\n<li><em>Support:<\/em> ein Supportansprechpartner<\/li>\n<li><em>Weiterentwicklungen:<\/em> ein Partner f\u00fcr jedes Bed\u00fcrfnis, auch kundenspezifische.<\/li>\n<\/ul>\n<h2>Callisto: Die neue Einfachheit<\/h2><p>Das Credo der Einfachheit begleitet die Entwicklung der Callisto UCC-Plattform von Beginn weg: Einfachheit des Produkts in Installation, Konfiguration, Administration, Benutzung und im Unterhalt\/Support war der initiale Auftrag an das Entwicklerteam. Dies bedeutet f\u00fcr alle Systemintegratoren und Service Provider, die sich f\u00fcr Callisto entscheiden, dass sie gegen\u00fcber herk\u00f6mmlichen L\u00f6sungen 10-20% an Kosten einsparen, weil:<\/p>\n<ul>\n<li>die <em>Grundinstallation<\/em> der Plattform in 1\u20132 Stunden erledigt ist<\/li>\n<li>die <em>Konfiguration<\/em> durch das Plattformkonzept vereinfacht ist und in jeder Applikation genau gleich aussieht<\/li>\n<li>die <em>Administration<\/em> f\u00fcr jede Applikation sehr \u00fcbersichtlich dargestellt und immer gleich angeordnet ist<\/li>\n<li>die <em>Benutzer<\/em> \u00fcber alle Applikationen den gleichen einfachen, intuitiven Aufbau vorfinden<\/li>\n<li>der <em>Unterhalt<\/em> mit den verf\u00fcgbaren Callisto-\u00dcberwachungstools, dem anwenderfreundlichen Back-up- &amp; Restore-Konzept und dem Drag-and Drop-System f\u00fcr Updates und Upgrades<\/li>\n<li>der <em>Support<\/em> f\u00fcr alle Applikationen von einem einzigen, professionellen, schnell agierenden Supportteam ausgef\u00fchrt wird.<\/li>\n<\/ul>\n<h2>Durch und durch kosteneffizient<\/h2><p>Mit \u00fcber 50 verschiedenen Applikationen, minimalstem Ressourcenbedarf und dem weltweit einzigartigen Konzept f\u00fcr massgeschneiderte, zur Laufzeit einspielbare Applikationen, bietet Callisto eine super flexible, modulare, all-in-one UCC-Applikationsplattform f\u00fcr alle UCC -basierten Cloud- und Vorortprojekte in den M\u00e4rkten Enterprise Communications und Hospitality Solutions. F\u00fcr System Integratoren und Service Provider heisst dies:<\/p>\n<ul>\n<li>eine UCC-Plattform f\u00fcr alle und alles, reduziert Kosten im ganzen Evaluations &amp; Beschaffungs-, bzw. Pre-Sales-, Sales- und After-Sales-Prozess<\/li>\n<li>mit je nach Konfiguration 2-6 GB RAM, 2-8 CPU&#8217;s und 80 GB HD f\u00fcr 60 bis ca. 1&#8217;000 parallele Calls, werden im Vergleich zum Mitbewerb massiv Lizenz- und Hardwarekosten eingespart<\/li>\n<li>selbst kundenspezifische L\u00f6sungen k\u00f6nnen auf die Callisto-Plattform aufgespielt werden, ohne den Versionenpfad der Plattform zu verlassen, was sowohl in der Evaluation, Installation, Konfiguration, Administration, wie auch im Betrieb und im Unterhalt Kosten einspart<\/li>\n<li>die Vielfalt an Applikationen, die Modularit\u00e4t und Flexibilit\u00e4t der Callisto UCC-Plattform erm\u00f6glichen das Bedienen einer riesigen Auswahl an Kundensegmenten was die Kosten pro Kunde massiv senkt.<\/li>\n<\/ul>\n<h2>Die Investitionen sind \u00fcber alle Stufen gesch\u00fctzt<\/h2><p>Durch die Architektur der Callisto-Plattform, die verwendeten offenen Standards und die unbeschr\u00e4nkte Erweiterbarkeit der Plattform ist die Investition in dieses Produkt sowohl f\u00fcr den System Integratoren, f\u00fcr den Service Provider, als auch f\u00fcr den Endkunden gesch\u00fctzt.<\/p>\n<p>Auch nach Jahren k\u00f6nnen Module auf die Callisto-Plattform lizenziert oder individuelle Applikationen hochgeladen werden. Die Callisto-Plattform ist konsequent r\u00fcckw\u00e4rtskompatibel und kann jederzeit durch Einspielen eines Update- oder Upgrade-Files aktualisiert werden.<\/p>\n<h2>Weltklasse in Flexibilit\u00e4t<\/h2><p>Gibt es etwas Flexibleres, als nach Bedarf aus \u00fcber 50 Modulen die gew\u00fcnschten Applikationen unterbruchsfrei auf die Plattform hochzuladen, diese jederzeit nach Belieben zu erweitern und auf Anfrage sogar eine massgeschneiderte, kundenspezifische Applikation einzuspielen?<\/p>\n<p>Zus\u00e4tzlich zeigt sich die grosse Flexibilit\u00e4t auch in:<\/p>\n<ul>\n<li>der Vielfalt an unterst\u00fctzten PBX-Infrastrukturen<\/li>\n<li>der Unterst\u00fctzung einer grossen Palette von Endger\u00e4ten und Clients<\/li>\n<li>der M\u00f6glichkeit, zahlreiche 3rd-Party- und Provisionierungssysteme zu verbinden<\/li>\n<li>der Breite an Einsatzm\u00f6glichkeiten in verschiedensten M\u00e4rkten.<\/li>\n<\/ul>\n<p>Und nicht zuletzt gew\u00e4hrleistet Callisto die <strong>v<\/strong>olle Flexibilit\u00e4t im Einsatzverfahren: Ob on-prem, hosted, Cloud oder UCaaS, alle Einsatzszenarien sind m\u00f6glich.<\/p>\n<h2>Zuverl\u00e4ssigkeit durch Qualit\u00e4ts&shy;bewusstsein<\/h2><p>Swiss Quality verpflichtet. Durch definierte CTModule-Prozesse wird die Qualit\u00e4t sowohl der Produkte, als auch der Dienstleistungen st\u00e4ndig optimiert und auf h\u00f6chstem Niveau gehalten. Installationen, die seit mehreren Jahren fehlerfrei laufen, Installationen mit mehr als 25&#8217;000 zufriedenen Benutzern und Installationen mit mehr als 15&#8217;000 einwandfreien Anrufen pro Tag, beweisen die Stabilit\u00e4t der Callisto-Plattform. Unsere Partner profitieren dadurch von einer extrem hohen Kundenzufriedenheit.<\/p>\n<h2>Technologie, die begeistert<\/h2><table>\n<tbody>\n<tr>\n<td>Module\/Applikationen<\/td>\n<td>Mehr als 50 Module\/Applikationen verf\u00fcgbar<\/td>\n<\/tr>\n<tr>\n<td>Unterst\u00fctzte UC-Plattformen<\/td>\n<td><a href=\"https:\/\/www.cisco.com\/c\/en\/us\/products\/unified-communications\/unified-communications-manager-express\/index.html\">Cisco UCME<\/a>, <a href=\"https:\/\/www.cisco.com\/c\/en\/us\/products\/collateral\/unified-communications\/business-edition-7000\/data-sheet-c78-730649.html\">Cisco BE6K\/7K<\/a>,<a href=\"https:\/\/www.cisco.com\/c\/en\/us\/products\/unified-communications\/unified-communications-manager-callmanager\/index.html\"> Cisco UCM<\/a>, <a href=\"https:\/\/www.cisco.com\/c\/en\/us\/solutions\/collaboration\/hosted-collaboration-solution\/index.html\">Cisco HCS<\/a>, <a href=\"https:\/\/www.webex.com\/de\/index.html\">Cisco Webex<\/a><\/td>\n<\/tr>\n<tr>\n<td>Presence-Integration<\/td>\n<td><a href=\"https:\/\/www.cisco.com\/c\/en\/us\/products\/collateral\/wireless\/packet-core\/data-sheet-c78-741416.html\">Cisco CUPS<\/a> Integration plus Callisto Presence<\/td>\n<\/tr>\n<tr>\n<td>Skalierbarkeit<\/td>\n<td>Keine Begrenzung<\/td>\n<\/tr>\n<tr>\n<td>Benutzerkonfiguration<\/td>\n<td>Manuell und automatisch von CUCM \u00fcber AXL (Microsoft AD, LDAP-\/OpenLDAP-Systemen), CSV-Dateien oder Provisionierungssysteme (bspw. <a href=\"https:\/\/www.kurmi-software.com\/en\/\">KURMI<\/a> via Web-Services)<\/td>\n<\/tr>\n<tr>\n<td>Hochverf\u00fcgbarkeit<\/td>\n<td>Ja, inkl. Desaster-Recovery<\/td>\n<\/tr>\n<tr>\n<td>Ressourcenbedarf \u00abSmall\u00bb<\/td>\n<td>Callisto Appliance \u00abSmall\u00bb (bis 60 parallele Calls):<\/p>\n<ul>\n<li>2 GB RAM, 2 CPUs (ca. 2 GHz)<\/li>\n<li>80 GB Festplattenspeicher<\/li>\n<li>1 Netzwerkanschluss<\/li>\n<\/ul>\n<\/td>\n<\/tr>\n<tr>\n<td>Ressourcenbedarf \u00abMedium\u00bb<\/td>\n<td>Callisto Appliance \u00abMedium\u00bb (bis 240 parallele Calls):<\/p>\n<ul>\n<li>4 GB RAM<\/li>\n<li>4 CPUs (ca. 2 GHz)<\/li>\n<li>80 GB Festplattenspeicher<\/li>\n<li>1 Netzwerkanschluss<\/li>\n<\/ul>\n<\/td>\n<\/tr>\n<tr>\n<td>Ressourcenbedarf \u00abLarge\u00bb<\/td>\n<td>Callisto Appliance \u00abLarge\u00bb (ab 240 parallele Calls):<\/p>\n<ul>\n<li>6 GB RAM, 8 CPUs (ca. 2 GHz)<\/li>\n<li>80 GB Festplattenspeicher<\/li>\n<li>1 Netzwerkanschluss<\/li>\n<li>max. 960 parallele Calls pro Appliance<\/li>\n<\/ul>\n<\/td>\n<\/tr>\n<tr>\n<td>Systemmeldungen<\/td>\n<td>E-Mail, SNMP, Syslog<\/td>\n<\/tr>\n<tr>\n<td>Sicherheit<\/td>\n<td>https, Secure Syslog, Secure LDAP, Secure SIP (TLS, SRTP), integrierte Firewall, Single Sign-On (SAML) supportet.<br \/>\nExternes Privacy and Security Assessment erfolgreich bestanden.<\/td>\n<\/tr>\n<tr>\n<td>Betriebssystem<\/td>\n<td>Appliance, geh\u00e4rtetes Betriebssystem<\/td>\n<\/tr>\n<tr>\n<td>Datenbanken<\/td>\n<td>Alle SQL-Datenbanken Bestandteil der Plattform<\/td>\n<\/tr>\n<tr>\n<td>Virtualisierung<\/td>\n<td>Auslieferung als Image (OVA), Installation in VMware ESX(i) Umgebung<\/td>\n<\/tr>\n<\/tbody>\n<\/table>\n","protected":false},"excerpt":{"rendered":"<p>Die Callisto all-in-one Integratoren und Provider Applikationsplattform zur Erg\u00e4nzung der Cisco UCC-L\u00f6sungen Ihrer Endkunden<\/p>\n","protected":false},"author":1,"featured_media":0,"parent":0,"menu_order":2,"comment_status":"closed","ping_status":"closed","template":"","meta":{"_acf_changed":false,"footnotes":""},"class_list":["post-217","page","type-page","status-publish","hentry"],"acf":[],"yoast_head":"<!-- This site is optimized with the Yoast SEO Premium plugin v26.4 (Yoast SEO v27.2) - https:\/\/yoast.com\/product\/yoast-seo-premium-wordpress\/ -->\n<title>Integratoren und Provider &#8211; CTModule<\/title>\n<meta name=\"robots\" content=\"index, follow, max-snippet:-1, max-image-preview:large, max-video-preview:-1\" \/>\n<link rel=\"canonical\" href=\"https:\/\/www.ctmodule.com\/de\/integratoren-provider\/\" \/>\n<meta property=\"og:locale\" content=\"de_DE\" \/>\n<meta property=\"og:type\" content=\"article\" \/>\n<meta property=\"og:title\" content=\"Integratoren und Provider\" \/>\n<meta property=\"og:description\" content=\"Die Callisto all-in-one Integratoren und Provider Applikationsplattform zur Erg\u00e4nzung der Cisco UCC-L\u00f6sungen Ihrer Endkunden\" \/>\n<meta property=\"og:url\" content=\"https:\/\/www.ctmodule.com\/de\/integratoren-provider\/\" \/>\n<meta property=\"og:site_name\" content=\"CTModule\" \/>\n<meta property=\"article:modified_time\" content=\"2023-03-30T13:32:18+00:00\" \/>\n<meta property=\"og:image\" content=\"https:\/\/www.ctmodule.com\/wp-content\/uploads\/\/Callisto_Platform.svg\" \/>\n<meta name=\"twitter:card\" content=\"summary_large_image\" \/>\n<meta name=\"twitter:site\" content=\"@CtModule\" \/>\n<meta name=\"twitter:label1\" content=\"Gesch\u00e4tzte Lesezeit\" \/>\n\t<meta name=\"twitter:data1\" content=\"10\u00a0Minuten\" \/>\n<script type=\"application\/ld+json\" class=\"yoast-schema-graph\">{\"@context\":\"https:\/\/schema.org\",\"@graph\":[{\"@type\":\"WebPage\",\"@id\":\"https:\/\/www.ctmodule.com\/de\/integratoren-provider\/\",\"url\":\"https:\/\/www.ctmodule.com\/de\/integratoren-provider\/\",\"name\":\"Integratoren und Provider &#8211; CTModule\",\"isPartOf\":{\"@id\":\"https:\/\/www.ctmodule.com\/de\/#website\"},\"primaryImageOfPage\":{\"@id\":\"https:\/\/www.ctmodule.com\/de\/integratoren-provider\/#primaryimage\"},\"image\":{\"@id\":\"https:\/\/www.ctmodule.com\/de\/integratoren-provider\/#primaryimage\"},\"thumbnailUrl\":\"https:\/\/www.ctmodule.com\/wp-content\/uploads\/\/Callisto_Platform.svg\",\"datePublished\":\"2020-10-15T14:20:32+00:00\",\"dateModified\":\"2023-03-30T13:32:18+00:00\",\"breadcrumb\":{\"@id\":\"https:\/\/www.ctmodule.com\/de\/integratoren-provider\/#breadcrumb\"},\"inLanguage\":\"de-CH\",\"potentialAction\":[{\"@type\":\"ReadAction\",\"target\":[\"https:\/\/www.ctmodule.com\/de\/integratoren-provider\/\"]}]},{\"@type\":\"ImageObject\",\"inLanguage\":\"de-CH\",\"@id\":\"https:\/\/www.ctmodule.com\/de\/integratoren-provider\/#primaryimage\",\"url\":\"https:\/\/www.ctmodule.com\/wp-content\/uploads\/\/Callisto_Platform.svg\",\"contentUrl\":\"https:\/\/www.ctmodule.com\/wp-content\/uploads\/\/Callisto_Platform.svg\"},{\"@type\":\"BreadcrumbList\",\"@id\":\"https:\/\/www.ctmodule.com\/de\/integratoren-provider\/#breadcrumb\",\"itemListElement\":[{\"@type\":\"ListItem\",\"position\":1,\"name\":\"Home\",\"item\":\"https:\/\/www.ctmodule.com\/de\/\"},{\"@type\":\"ListItem\",\"position\":2,\"name\":\"Integratoren und Provider\"}]},{\"@type\":\"WebSite\",\"@id\":\"https:\/\/www.ctmodule.com\/de\/#website\",\"url\":\"https:\/\/www.ctmodule.com\/de\/\",\"name\":\"CTModule\",\"description\":\"Communication Technology Modules\",\"publisher\":{\"@id\":\"https:\/\/www.ctmodule.com\/de\/#organization\"},\"potentialAction\":[{\"@type\":\"SearchAction\",\"target\":{\"@type\":\"EntryPoint\",\"urlTemplate\":\"https:\/\/www.ctmodule.com\/de\/?s={search_term_string}\"},\"query-input\":{\"@type\":\"PropertyValueSpecification\",\"valueRequired\":true,\"valueName\":\"search_term_string\"}}],\"inLanguage\":\"de-CH\"},{\"@type\":\"Organization\",\"@id\":\"https:\/\/www.ctmodule.com\/de\/#organization\",\"name\":\"CTModule AG\",\"alternateName\":\"CTModule\",\"url\":\"https:\/\/www.ctmodule.com\/de\/\",\"logo\":{\"@type\":\"ImageObject\",\"inLanguage\":\"de-CH\",\"@id\":\"https:\/\/www.ctmodule.com\/de\/#\/schema\/logo\/image\/\",\"url\":\"https:\/\/www.ctmodule.com\/wp-content\/uploads\/ctmodule.png\",\"contentUrl\":\"https:\/\/www.ctmodule.com\/wp-content\/uploads\/ctmodule.png\",\"width\":696,\"height\":696,\"caption\":\"CTModule AG\"},\"image\":{\"@id\":\"https:\/\/www.ctmodule.com\/de\/#\/schema\/logo\/image\/\"},\"sameAs\":[\"https:\/\/x.com\/CtModule\",\"https:\/\/www.linkedin.com\/company\/ctmodule\"]}]}<\/script>\n<!-- \/ Yoast SEO Premium plugin. -->","yoast_head_json":{"title":"Integratoren und Provider &#8211; CTModule","robots":{"index":"index","follow":"follow","max-snippet":"max-snippet:-1","max-image-preview":"max-image-preview:large","max-video-preview":"max-video-preview:-1"},"canonical":"https:\/\/www.ctmodule.com\/de\/integratoren-provider\/","og_locale":"de_DE","og_type":"article","og_title":"Integratoren und Provider","og_description":"Die Callisto all-in-one Integratoren und Provider Applikationsplattform zur Erg\u00e4nzung der Cisco UCC-L\u00f6sungen Ihrer Endkunden","og_url":"https:\/\/www.ctmodule.com\/de\/integratoren-provider\/","og_site_name":"CTModule","article_modified_time":"2023-03-30T13:32:18+00:00","og_image":[{"url":"https:\/\/www.ctmodule.com\/wp-content\/uploads\/\/Callisto_Platform.svg","type":"","width":"","height":""}],"twitter_card":"summary_large_image","twitter_site":"@CtModule","twitter_misc":{"Gesch\u00e4tzte Lesezeit":"10\u00a0Minuten"},"schema":{"@context":"https:\/\/schema.org","@graph":[{"@type":"WebPage","@id":"https:\/\/www.ctmodule.com\/de\/integratoren-provider\/","url":"https:\/\/www.ctmodule.com\/de\/integratoren-provider\/","name":"Integratoren und Provider &#8211; CTModule","isPartOf":{"@id":"https:\/\/www.ctmodule.com\/de\/#website"},"primaryImageOfPage":{"@id":"https:\/\/www.ctmodule.com\/de\/integratoren-provider\/#primaryimage"},"image":{"@id":"https:\/\/www.ctmodule.com\/de\/integratoren-provider\/#primaryimage"},"thumbnailUrl":"https:\/\/www.ctmodule.com\/wp-content\/uploads\/\/Callisto_Platform.svg","datePublished":"2020-10-15T14:20:32+00:00","dateModified":"2023-03-30T13:32:18+00:00","breadcrumb":{"@id":"https:\/\/www.ctmodule.com\/de\/integratoren-provider\/#breadcrumb"},"inLanguage":"de-CH","potentialAction":[{"@type":"ReadAction","target":["https:\/\/www.ctmodule.com\/de\/integratoren-provider\/"]}]},{"@type":"ImageObject","inLanguage":"de-CH","@id":"https:\/\/www.ctmodule.com\/de\/integratoren-provider\/#primaryimage","url":"https:\/\/www.ctmodule.com\/wp-content\/uploads\/\/Callisto_Platform.svg","contentUrl":"https:\/\/www.ctmodule.com\/wp-content\/uploads\/\/Callisto_Platform.svg"},{"@type":"BreadcrumbList","@id":"https:\/\/www.ctmodule.com\/de\/integratoren-provider\/#breadcrumb","itemListElement":[{"@type":"ListItem","position":1,"name":"Home","item":"https:\/\/www.ctmodule.com\/de\/"},{"@type":"ListItem","position":2,"name":"Integratoren und Provider"}]},{"@type":"WebSite","@id":"https:\/\/www.ctmodule.com\/de\/#website","url":"https:\/\/www.ctmodule.com\/de\/","name":"CTModule","description":"Communication Technology Modules","publisher":{"@id":"https:\/\/www.ctmodule.com\/de\/#organization"},"potentialAction":[{"@type":"SearchAction","target":{"@type":"EntryPoint","urlTemplate":"https:\/\/www.ctmodule.com\/de\/?s={search_term_string}"},"query-input":{"@type":"PropertyValueSpecification","valueRequired":true,"valueName":"search_term_string"}}],"inLanguage":"de-CH"},{"@type":"Organization","@id":"https:\/\/www.ctmodule.com\/de\/#organization","name":"CTModule AG","alternateName":"CTModule","url":"https:\/\/www.ctmodule.com\/de\/","logo":{"@type":"ImageObject","inLanguage":"de-CH","@id":"https:\/\/www.ctmodule.com\/de\/#\/schema\/logo\/image\/","url":"https:\/\/www.ctmodule.com\/wp-content\/uploads\/ctmodule.png","contentUrl":"https:\/\/www.ctmodule.com\/wp-content\/uploads\/ctmodule.png","width":696,"height":696,"caption":"CTModule AG"},"image":{"@id":"https:\/\/www.ctmodule.com\/de\/#\/schema\/logo\/image\/"},"sameAs":["https:\/\/x.com\/CtModule","https:\/\/www.linkedin.com\/company\/ctmodule"]}]}},"_links":{"self":[{"href":"https:\/\/www.ctmodule.com\/de\/wp-json\/wp\/v2\/pages\/217","targetHints":{"allow":["GET"]}}],"collection":[{"href":"https:\/\/www.ctmodule.com\/de\/wp-json\/wp\/v2\/pages"}],"about":[{"href":"https:\/\/www.ctmodule.com\/de\/wp-json\/wp\/v2\/types\/page"}],"author":[{"embeddable":true,"href":"https:\/\/www.ctmodule.com\/de\/wp-json\/wp\/v2\/users\/1"}],"replies":[{"embeddable":true,"href":"https:\/\/www.ctmodule.com\/de\/wp-json\/wp\/v2\/comments?post=217"}],"version-history":[{"count":0,"href":"https:\/\/www.ctmodule.com\/de\/wp-json\/wp\/v2\/pages\/217\/revisions"}],"wp:attachment":[{"href":"https:\/\/www.ctmodule.com\/de\/wp-json\/wp\/v2\/media?parent=217"}],"curies":[{"name":"wp","href":"https:\/\/api.w.org\/{rel}","templated":true}]}}