{"id":226,"date":"2020-10-15T14:24:06","date_gmt":"2020-10-15T14:24:06","guid":{"rendered":"http:\/\/192.168.100.222\/?page_id=226"},"modified":"2024-07-01T15:07:25","modified_gmt":"2024-07-01T15:07:25","slug":"plattform","status":"publish","type":"page","link":"https:\/\/www.ctmodule.com\/de\/plattform\/","title":{"rendered":"Plattform"},"content":{"rendered":"<h1>Callisto \u2013 Die UCC-Applikations\u00adplattform<\/h1><h2>Weltweit umfassendste Applikations\u00adplattform f\u00fcr UCC-L\u00f6sungen<\/h2><p><p>Mit \u00fcber 50 verschiedenen UCC-Applikationen, minimalstem Ressourcenbedarf und dem weltweit einzigartigen Konzept f\u00fcr massgeschneiderte, zur Laufzeit einspielbare Applikationen, bieten wir eine super flexible, modulare, all-in-one Applikationsplattform f\u00fcr alle UCC-L\u00f6sungen. Nutzen Sie diese jetzt f\u00fcr Ihre Vorort-, Managed Service-, Cloud- oder UCaaS-Projekte.<\/p>\n<p>Die weltweit einzigartige all-in-one Callisto UCC-Applikationsplattform ist f\u00fcr jede Branche geeignet, und skaliert von ganz klein bis ganz gross.<\/p>\n<\/p><h2><\/h2><p><\/p><h3><\/h3><div class=\"figure\"><img decoding=\"async\" class=\"alignnone wp-image-14485 size-full\" role=\"img\" src=\"https:\/\/www.ctmodule.com\/wp-content\/uploads\/Callisto_Platform_2.svg\" alt=\"\" width=\"1288\" height=\"656.62\" \/><\/div>\n<h3><\/h3><div style=\"max-width: max-content; margin: 0 auto;\">\n<h2>Einzigartiges Konzept mit<br \/>\nvielen Vorteilen<\/h2>\n<p>Einfach und doch leistungsstark, modular und doch ein Ganzes, massgeschneidert und doch Standard, flexibel und doch eine Einheit, umfangreich und doch Ressourcen schonend &#8211; so l\u00e4sst sich das Konzept der modernen Callisto UCC-Applikationsplattform zusammenfassen.<\/p>\n<p>Das Callisto-Konzept besteht aus folgenden Teilen:<\/p>\n<ul>\n<li><em>Plattform:<\/em> Grundfunktionen, Administration, Konfiguration, Modul- \/ Applikationsverwaltung, Schnittstellen<\/li>\n<li><em>Module:<\/em> Callisto Module (Standard Callisto Applikationen), die hochgeladen \/ lizenziert werden k\u00f6nnen<\/li>\n<li><em>Collections:<\/em> Sammlungen von Callisto-Modulen zur Bearbeitung eines bestimmten Kundensegments bzw. Bedarfs<\/li>\n<li><em>Applikationen:<\/em> Kundenspezifische Applikationen, verwaltet im Open Applications Manager (OAM)<\/li>\n<\/ul>\n<p>Die Callisto-Plattform stellt ohne Module und Applikationen bereits Folgendes zur Verf\u00fcgung:<\/p>\n<ul>\n<li>Grundinfrastruktur zum Einspielen, Konfigurieren und Administrieren von Modulen, Collections und Applikationen<\/li>\n<li>Unterst\u00fctzende Funktionen wie bspw. Cisco Phone Service Editor (Hosting von Phone Service Applikationen), SMS-Versand, Cisco Phone Push-Nachrichten, \u00dcberwachungs- oder Kurzwahltasten-Konfigurator, Download-Sektion etc.<\/li>\n<li>Schnittstellen zu bspw. Cisco Telefonieinfrastruktur, Provisionierungs- (bspw. Kurmi) und 3rd-Party-Systemen (bspw. (S)PMS, CRM, Alarm-Systeme, etc.)<\/li>\n<li>Open Applications Management zum Einspielen, Konfigurieren und Administrieren von massgeschneiderten Kundenapplikationen zur Laufzeit<\/li>\n<li>Plattform-Management f\u00fcr Sicherheit, Back-up\/Restore, Update-\/Upgrade-Prozess, Lizenzierung, Log- und Fehlerbehebungsm\u00f6glichkeiten<\/li>\n<li>Single Sign-On (SSO) Unterst\u00fctzung<\/li>\n<li>Dashboard und Reporting<\/li>\n<li>Verwaltung und Rechtemanagement f\u00fcr Benutzer- und Administratoren<\/li>\n<\/ul>\n<p>Module, Collections oder massgeschneiderte Applikationen k\u00f6nnen nach erfolgter Lizenzierung freigeschaltet bzw. zur Laufzeit auf die Callisto-Plattform einfach und flexibel hochgeladen und direkt konfiguriert bzw. eingesetzt werden.<\/p>\n<p>Callisto unterst\u00fctzt je nach Verwendungszweck und Bedarf mit den verf\u00fcgbaren Modulen und Applikationen folgende Endger\u00e4te und Clients:<\/p>\n<ul>\n<li>Callisto Web- und Telefonschnittstelle<\/li>\n<li>Cisco-Endger\u00e4te (XML-f\u00e4hige mit Push-Nachrichten-Unterst\u00fctzung)<\/li>\n<li>Cisco-Jabber-Client mit Tabs (Callisto Gadgets)<\/li>\n<li>Cisco Webex App mit Tabs (Callisto Gadgets)<\/li>\n<li>PC mit Callisto Vermittlerl\u00f6sung und Callisto Gadgets<\/li>\n<li>SmartPhones (iOS\/Android) mit Callisto Gadgets und native Applications<\/li>\n<li>Tablets (iOS\/Android) mit Callisto Gadgets und native Applications<\/li>\n<li>herk\u00f6mmliche Telefone, DECT-Telefone, WLAN-Telefone gem\u00e4ss Handbuch<\/li>\n<\/ul>\n<\/div>\n<h3><\/h3><h4>Kompatibel<\/h4><p>Die Callisto Appliance-L\u00f6sung wurde erfolgreich mit Cisco UCM V12.5 getestet und zertifiziert. Dar\u00fcber hinaus ist die Callisto-Plattform mit allen g\u00e4ngigen Cisco-PBX-Systemen (UCM, UCME, BE6k\/7k, HCS, Webex) kompatibel.<\/p><h4>Andere PBX via SIP Trunk<\/h4><p>Die Callisto Plattform ist so konzipiert, dass sie mit jeder Telefonanlage kompatibel ist, die \u00fcber einen SIP-Trunk verf\u00fcgt, einschliesslich der meisten unserer Module. Einen umfassenden \u00dcberblick \u00fcber die Kompatibilit\u00e4t unserer Module finden Sie in der folgenden Liste.<\/p>\r\n<div class=\"input-container\"><a class=\"buttonlink\" href=\"https:\/\/www.ctmodule.com\/de\/modul-kompatibilitat\/\" target=\"_blank\" rel=\"noopener\"><button class=\"button-primary colourscheme_hover-background\">Kompatibilit\u00e4ts-Liste<\/button><\/a><\/div>\r\n<p> <\/p><h4>Oracle SPMS Validation<\/h4><p>CTModule hat die <a href=\"\/de\/oracle-validation-callisto-cruise\/\" target=\"_blank\" rel=\"noopener\">Oracle Validated Integration<\/a> f\u00fcr Callisto Cruise mit dem <a href=\"https:\/\/www.oracle.com\/en\/industries\/hospitality\/products\/cruise-shipboard-property-management.html\" target=\"_blank\" rel=\"noopener\">Oracle Hospitality Cruise Shipboard Property Management System (SPMS)<\/a> erreicht. Diese Zertifizierung gibt sowohl den Kunden als auch den verantwortlichen Schiffsbesatzungen die n\u00f6tige Sicherheit, dass diese beiden wichtigen Systeme an Bord perfekt zusammenarbeiten.<\/p><h2>Darum ist Callisto f\u00fcr Sie die beste Wahl<\/h2><h3>All-in-one<\/h3><p>Mit \u00fcber 50 Applikationen ist Callisto die weltweit umfassendste Applikationsplattform f\u00fcr UCC-L\u00f6sungen. Der all-in-one Ansatz verhilft allen Return-on-Investment massiv zu senken.<\/p><h3>Modularit\u00e4t<\/h3><p>Die Modularit\u00e4t und die Vielfalt an Applikationen, l\u00e4sst Callisto zur weltweit flexibelsten Plattform f\u00fcr UCC-L\u00f6sungen werden. Die Flexibilit\u00e4t der Plattform bringt Kosteneinsparungen und Zukunftssicherheit.<\/p><h3>Massgeschneidert<\/h3><p>Das weltweit einzigartige OAM Konzept von Callisto, erm\u00f6glicht es massgefertigte Applikationen live auf die Plattform einzuspielen. Davon profitieren Endkunden durch die gezielte Bedarfsdeckung und Partner um Endkunden individueller bedienen k\u00f6nnen.<\/p><h3>Green-IT<\/h3><p>Auch wenn es um die Schonung von Ressourcen geht: Callisto. Bis ca. 1000 parallele Calls bew\u00e4ltigt die Plattform mit 2&#8209;6&nbsp;GB RAM, 2&#8209;8&nbsp;CPUs und 80&nbsp;GB HD. Sowohl Endkunden wie auch die Umwelt profitieren davon. <\/p><h3>Einfachheit<\/h3><p>Die Callisto-Plattform ist von seinen Entwicklern auf Einfachheit getrimmt. Einfachheit ist im gesamten Callisto-System zu finden und er\u00f6ffnet dem Endkunden Vorteile in Bezug auf stark reduzierte Gesamtkosten des Produkts im Lebenszyklus.<\/p><h3>Flexibilit\u00e4t<\/h3><p>Flexibilit\u00e4t nicht nur durch die grosse Anzahl von Modulen: Callisto kann zudem verschiedene Soft-PBX-Systeme bedienen. Weiter ist Callisto geeignet f\u00fcr den Einsatz vor Ort und Cloud- oder Service-Modellen. Dies garantiert das Mitwachsen mit dem Endkunden.<\/p><h3>Qualit\u00e4t<\/h3><p>Hohe Qualit\u00e4t liegt in unserer DNA. Installationen, die seit Jahren fehlerfrei laufen mit mehr als 25'000 zufriedenen Benutzern und 15'000 Anrufen pro Tag, beweisen die Stabilit\u00e4t von Callisto. Unsere Partner profitieren mit einer extrem hohen Kundenzufriedenheit.<\/p><h3>Probleml\u00f6ser<\/h3><p>Callisto hat auf jedes UCC-Bed\u00fcrfnis eine Antwort: mit \u00fcber 50 Applikationen, der Modularit\u00e4t und dem OAM-Konzept f\u00fcr angepasste Applikationen, hat Callisto eine L\u00f6sung. Sowohl Endkunden wie auch Partner lieben Callisto, weil es Ihre Probleme gezielt l\u00f6st.<\/p><h3>Dienstleistungen<\/h3><p>Professionelle Dienstleistungen mit all unseren Produkten. Alle Leistungen werden von unseren Kunden t\u00e4glich gelobt, sei es in der kompetenten Verkaufsunterst\u00fctzung, dem schnellen Support oder den massgefertigten Modulen. Wir sind seit \u00fcber 20 Jahren ein verl\u00e4sslicher Partner.<\/p><h2>\u00dcber 50 Applikationen auf einer Plattform<\/h2><p>Mit \u00fcber 50 Applikationen stellt Callisto das weltweit umfassendste UCC-Applikationsportfolio auf nur einer Plattform zur Verf\u00fcgung. Der all-in-one Ansatz spart sowohl dem System Integrator bzw. Service Provider, als auch dem Endkunden viel Geld ein:<\/p>\n<ul>\n<li>alle gew\u00fcnschten, nach dem selben Prinzip aufgebauten Applikationen auf einer einzigen Plattform, reduzieren Evaluations-, Einkaufs-, Ausbildungs-, Installations-, Prozess-, Betriebs- und Supportkosten<\/li>\n<li>das einfache Konzept zur Installation und Inbetriebnahme neuer Module zur Laufzeit des Systems, erlaubt den fortw\u00e4hrenden Zusatzverkauf neuer Module und vermindert die Gesamtkosten \u2013 wie oben \u2013 \u00fcber alles<\/li>\n<li>die f\u00fcr die Zukunft offene Plattform erh\u00f6ht nicht nur die Zukunftssicherheit f\u00fcr Partner und Endkunden, sondern erm\u00f6glicht das Verteilen der Investitionen auf einen l\u00e4ngeren Zeitraum (CAPEX-Modell) oder reduziert den Portpreis (OPEX-Modell) \u00fcber alles<\/li>\n<\/ul>\n<h2>Modularit\u00e4t bringt Flexibilit\u00e4t<\/h2><p>W\u00e4hlen Sie mit ihrem Kunden ganz einfach unter der Vielfalt an Callisto-Modulen diejenigen aus, die im Kundenprojekt oder in ihrem Managed- bzw. Cloud-Service-Kundenangebot verwendet werden sollen. Unser Module Store hilft ihnen bei der Auswahl.<\/p>\n<p>Entstehen mit der Zeit weitere Kundenbed\u00fcrfnisse, kein Thema! Einfach das gew\u00fcnschte Modul ausw\u00e4hlen, lizenzieren, hochladen, konfigurieren und nutzen. Ohne jeglichen Betriebsunterbruch und immer mit dem selben Look &amp; Feel. Meist ist aufgrund der einfachen, bereits gewohnten Nutzung des Callisto-Frontends nicht einmal eine Kundenschulung erforderlich.<\/p>\n<p>Diese Flexibilit\u00e4t durch Modularit\u00e4t bringt zus\u00e4tzliche f\u00fcr Partner und Endkunde Zukunftssicherheit und Kosteneinsparungen.<\/p>\n<h2>Applikationen nach Mass<\/h2><p>Mit Callisto sagen Sie nie mehr \u00abdas geht nicht\u00bb zu Ihrem Kunden. Das weltweit einzigartige \u00abOpen Applications Management\u00bb-Konzept von Callisto erlaubt Ihnen kundenspezifische Applikationen zur Laufzeit, d.h. unterbruchsfrei, auf die Plattform hochzuladen. Definieren Sie gemeinsam mit ihrem Kunden die Bed\u00fcrfnisse, und wir implementieren die Anforderungen dank unserem eigenen Entwicklungssystem CTMaker\u00ae binnen kurzer Zeit. Diese massgeschneiderten Applikationen laufen auch nach Plattform-Updates bzw. -Upgrades weiterhin zuverl\u00e4ssig weiter.<\/p>\n<p>Mit dem Callisto OAM-Konzept differenzieren Sie sich ganz klar am Markt zu ihren Mitbewerbern.<\/p>\n<h2>Geld sparen und Umwelt bewahren<\/h2><p>Der nachhaltige Umgang mit Ressourcen wird f\u00fcr uns alle immer wichtiger. Seit jeher achten die CTModule-Entwickler auf einen schonenden Umgang mit den von unseren Produkten verwendeten Betriebsmitteln. Callisto schafft den Spagat zwischen hoch skalierbar und ressourcenschonend wie kein zweites System. Bis ca. 960 parallele Calls bew\u00e4ltigt die Plattform (eine virtuelle Appliance) mit \u2013 je nach Bedarf \u2013 2\u20136 GB RAM, 2\u20138 CPUs und 80 GB HD.<\/p>\n<p>Dadurch werden nicht nur Hardware-Ressourcen und Lizenzkosten eingespart, sondern auch dem greenIT-Ansatz gen\u00fcge getan.<\/p>\n<h2>Einfach und schnell installiert<\/h2><p>Dank dem Plug &amp; Play und Appliance-Konzept, ist die Callisto-Plattform in k\u00fcrzester Zeit einsatzbereit: in 1\u20114 Stunden (je nach Modul und Erfahrung) testen sie bereits die ersten Funktionen. Auch hier sind sie mit Callisto gegen\u00fcber Alternativsystemen klar im Vorteil: k\u00fcrzest m\u00f6gliche Installationszeit bei h\u00f6chst m\u00f6glicher Wertsch\u00f6pfung.<\/p>\n<p>Das Callisto-Appliance-Konzept hat f\u00fcr sie zus\u00e4tzlich zur kurzen Installationszeit auch weitere Vorteile:<\/p>\n<ul>\n<li>alle Komponenten vorinstalliert<\/li>\n<li>keine zus\u00e4tzlichen Kosten und Arbeiten bez\u00fcglich Installation und Lizenzierung von OS, Datenbanken oder anderen SW-Komponenten<\/li>\n<li>h\u00f6chste Sicherheit durch ein geschlossenes System mit geh\u00e4rtetem OS und eigener Firewall<\/li>\n<li>Einfachheit und Zeiteinsparungen in der Handhabung des Gesamtsystems<\/li>\n<\/ul>\n<h2>Der Service muss stimmen<\/h2><p>Einem Hersteller m\u00fcssen Service Provider und Systemintegratoren in punkto Qualit\u00e4t und Service vollstes Vertrauen schenken d\u00fcrfen und auf ihn z\u00e4hlen k\u00f6nnen. Damit ist gew\u00e4hrleistet, dass in der Lieferkette und \u00fcber die Produktelebensdauer sowohl der Partner, als auch der Endkunde vollauf zufrieden sind. Diesem Umstand ist sich CTModule seit jeher bewusst und betrachtet die Dienstleistungen als Teil des Produkts. Deshalb erleben unsere Partner und Kunden durchwegs ein engagiertes, professionelles Team f\u00fcr folgende Services:<\/p>\n<ul>\n<li>Consulting und Pre-Sales-Support f\u00fcr Partner<\/li>\n<li>Engineering f\u00fcr kundenspezifische L\u00f6sungen<\/li>\n<li>Schulungen f\u00fcr Partner und Kunden<\/li>\n<li>Support (inkl. 7\/24) und Wartung, bis Betriebsunterst\u00fctzung<\/li>\n<\/ul>\n<h2>Bauen Sie mit uns Ihr eigenes Vertical auf<\/h2><p>2013 wars, als eine grosse Kreuzfahrt\u00adgesellschaft \u00fcberlegt hat, an Board ihrer ersten Schiffe den UCM-Cluster durch eine andere PBX zu ersetzen, weil die existierenden Zusatz\u00adapplikationen nicht richtig funktionierten. Ein namhafter Cisco-Partner hat das Potential im Vertical \u00abCruise\u00bb erkannt und meldete sich mit konkreten Spezifikationen bei CTModule. Sechs Monate sp\u00e4ter wurden die ersten Schiffe erfolgreich mit der Callisto Cruise Collection ausger\u00fcstet.<\/p>\n<p>Heute sind alle grossen, mit Cisco ausger\u00fcsteten Kreuzfahrtlinien, mit Callisto an Board unterwegs, vom Gr\u00f6ssten \u2013 Symphony of the Seas \u2013 bis zum Kleinsten \u2013 Celebrity Flora. Der Cisco-Partner \u00fcbrigens, r\u00fcstet heute erfolgreich die meisten Neubauten aus. Alles andere ist Geschichte.<\/p>\n<p>In welchem Vertical wollen Sie erfolgreich sein?<\/p>\n<h2>Technologie, die begeistert<\/h2><table>\n<tbody>\n<tr>\n<td>Module\/Applikationen<\/td>\n<td>Mehr als 50 Module\/Applikationen verf\u00fcgbar<\/td>\n<\/tr>\n<tr>\n<td>Unterst\u00fctzte UC-Plattformen<\/td>\n<td><a href=\"https:\/\/www.cisco.com\/c\/en\/us\/products\/unified-communications\/unified-communications-manager-express\/index.html\">Cisco UCME<\/a>, <a href=\"https:\/\/www.cisco.com\/c\/en\/us\/products\/collateral\/unified-communications\/business-edition-7000\/data-sheet-c78-730649.html\">Cisco BE6K\/7K<\/a>,<a href=\"https:\/\/www.cisco.com\/c\/en\/us\/products\/unified-communications\/unified-communications-manager-callmanager\/index.html\"> Cisco UCM<\/a>, <a href=\"https:\/\/www.cisco.com\/c\/en\/us\/solutions\/collaboration\/hosted-collaboration-solution\/index.html\">Cisco HCS<\/a>, <a href=\"https:\/\/www.webex.com\/de\/index.html\">Cisco Webex<\/a><\/td>\n<\/tr>\n<tr>\n<td>Presence-Integration<\/td>\n<td><a href=\"https:\/\/www.cisco.com\/c\/en\/us\/products\/collateral\/wireless\/packet-core\/data-sheet-c78-741416.html\">Cisco CUPS<\/a> Integration plus Callisto Presence<\/td>\n<\/tr>\n<tr>\n<td>Skalierbarkeit<\/td>\n<td>Keine Begrenzung<\/td>\n<\/tr>\n<tr>\n<td>Benutzerkonfiguration<\/td>\n<td>Manuell und automatisch von CUCM \u00fcber AXL (Microsoft AD, LDAP-\/OpenLDAP-Systemen), CSV-Dateien oder Provisionierungssysteme (bspw. <a href=\"https:\/\/www.kurmi-software.com\/en\/\">KURMI<\/a> via Web-Services)<\/td>\n<\/tr>\n<tr>\n<td>Hochverf\u00fcgbarkeit<\/td>\n<td>Ja, inkl. Desaster-Recovery<\/td>\n<\/tr>\n<tr>\n<td>Ressourcenbedarf \u00abSmall\u00bb<\/td>\n<td>Callisto Appliance \u00abSmall\u00bb (bis 60 parallele Calls):<\/p>\n<ul>\n<li>2 GB RAM, 2 CPUs (ca. 2 GHz)<\/li>\n<li>80 GB Festplattenspeicher<\/li>\n<li>1 Netzwerkanschluss<\/li>\n<\/ul>\n<\/td>\n<\/tr>\n<tr>\n<td>Ressourcenbedarf \u00abMedium\u00bb<\/td>\n<td>Callisto Appliance \u00abMedium\u00bb (bis 240 parallele Calls):<\/p>\n<ul>\n<li>4 GB RAM<\/li>\n<li>4 CPUs (ca. 2 GHz)<\/li>\n<li>80 GB Festplattenspeicher<\/li>\n<li>1 Netzwerkanschluss<\/li>\n<\/ul>\n<\/td>\n<\/tr>\n<tr>\n<td>Ressourcenbedarf \u00abLarge\u00bb<\/td>\n<td>Callisto Appliance \u00abLarge\u00bb (ab 240 parallele Calls):<\/p>\n<ul>\n<li>6 GB RAM, 8 CPUs (ca. 2 GHz)<\/li>\n<li>80 GB Festplattenspeicher<\/li>\n<li>1 Netzwerkanschluss<\/li>\n<li>max. 960 parallele Calls pro Appliance<\/li>\n<\/ul>\n<\/td>\n<\/tr>\n<tr>\n<td>Systemmeldungen<\/td>\n<td>E-Mail, SNMP, Syslog<\/td>\n<\/tr>\n<tr>\n<td>Sicherheit<\/td>\n<td>https, Secure Syslog, Secure LDAP, Secure SIP (TLS, SRTP), integrierte Firewall, Single Sign-On (SAML) supportet.<br \/>\nExternes Privacy and Security Assessment erfolgreich bestanden.<\/td>\n<\/tr>\n<tr>\n<td>Betriebssystem<\/td>\n<td>Appliance, geh\u00e4rtetes Betriebssystem<\/td>\n<\/tr>\n<tr>\n<td>Datenbanken<\/td>\n<td>Alle SQL-Datenbanken Bestandteil der Plattform<\/td>\n<\/tr>\n<tr>\n<td>Virtualisierung<\/td>\n<td>Auslieferung als Image (OVA), Installation in VMware ESX(i) Umgebung<\/td>\n<\/tr>\n<\/tbody>\n<\/table>\n","protected":false},"excerpt":{"rendered":"<p>Callisto \u2013 Die weltweit umfassendste Applikations\u00adplattform f\u00fcr Cisco UCC-L\u00f6sungen<\/p>\n","protected":false},"author":1,"featured_media":0,"parent":0,"menu_order":4,"comment_status":"closed","ping_status":"closed","template":"","meta":{"_acf_changed":false,"footnotes":""},"class_list":["post-226","page","type-page","status-publish","hentry"],"acf":[],"yoast_head":"<!-- This site is optimized with the Yoast SEO Premium plugin v26.4 (Yoast SEO v27.2) - https:\/\/yoast.com\/product\/yoast-seo-premium-wordpress\/ -->\n<title>Plattform &#8211; CTModule<\/title>\n<meta name=\"robots\" content=\"index, follow, max-snippet:-1, max-image-preview:large, max-video-preview:-1\" \/>\n<link rel=\"canonical\" href=\"https:\/\/www.ctmodule.com\/de\/plattform\/\" \/>\n<meta property=\"og:locale\" content=\"de_DE\" \/>\n<meta property=\"og:type\" content=\"article\" \/>\n<meta property=\"og:title\" content=\"Plattform\" \/>\n<meta property=\"og:description\" content=\"Callisto \u2013 Die weltweit umfassendste Applikations\u00adplattform f\u00fcr Cisco UCC-L\u00f6sungen\" \/>\n<meta property=\"og:url\" content=\"https:\/\/www.ctmodule.com\/de\/plattform\/\" \/>\n<meta property=\"og:site_name\" content=\"CTModule\" \/>\n<meta property=\"article:modified_time\" content=\"2024-07-01T15:07:25+00:00\" \/>\n<meta property=\"og:image\" content=\"https:\/\/www.ctmodule.com\/wp-content\/uploads\/Callisto_Platform_2.svg\" \/>\n<meta name=\"twitter:card\" content=\"summary_large_image\" \/>\n<meta name=\"twitter:site\" content=\"@CtModule\" \/>\n<meta name=\"twitter:label1\" content=\"Gesch\u00e4tzte Lesezeit\" \/>\n\t<meta name=\"twitter:data1\" content=\"8\u00a0Minuten\" \/>\n<script type=\"application\/ld+json\" class=\"yoast-schema-graph\">{\"@context\":\"https:\/\/schema.org\",\"@graph\":[{\"@type\":\"WebPage\",\"@id\":\"https:\/\/www.ctmodule.com\/de\/plattform\/\",\"url\":\"https:\/\/www.ctmodule.com\/de\/plattform\/\",\"name\":\"Plattform &#8211; CTModule\",\"isPartOf\":{\"@id\":\"https:\/\/www.ctmodule.com\/de\/#website\"},\"primaryImageOfPage\":{\"@id\":\"https:\/\/www.ctmodule.com\/de\/plattform\/#primaryimage\"},\"image\":{\"@id\":\"https:\/\/www.ctmodule.com\/de\/plattform\/#primaryimage\"},\"thumbnailUrl\":\"https:\/\/www.ctmodule.com\/wp-content\/uploads\/Callisto_Platform_2.svg\",\"datePublished\":\"2020-10-15T14:24:06+00:00\",\"dateModified\":\"2024-07-01T15:07:25+00:00\",\"breadcrumb\":{\"@id\":\"https:\/\/www.ctmodule.com\/de\/plattform\/#breadcrumb\"},\"inLanguage\":\"de-CH\",\"potentialAction\":[{\"@type\":\"ReadAction\",\"target\":[\"https:\/\/www.ctmodule.com\/de\/plattform\/\"]}]},{\"@type\":\"ImageObject\",\"inLanguage\":\"de-CH\",\"@id\":\"https:\/\/www.ctmodule.com\/de\/plattform\/#primaryimage\",\"url\":\"https:\/\/www.ctmodule.com\/wp-content\/uploads\/Callisto_Platform_2.svg\",\"contentUrl\":\"https:\/\/www.ctmodule.com\/wp-content\/uploads\/Callisto_Platform_2.svg\"},{\"@type\":\"BreadcrumbList\",\"@id\":\"https:\/\/www.ctmodule.com\/de\/plattform\/#breadcrumb\",\"itemListElement\":[{\"@type\":\"ListItem\",\"position\":1,\"name\":\"Home\",\"item\":\"https:\/\/www.ctmodule.com\/de\/\"},{\"@type\":\"ListItem\",\"position\":2,\"name\":\"Plattform\"}]},{\"@type\":\"WebSite\",\"@id\":\"https:\/\/www.ctmodule.com\/de\/#website\",\"url\":\"https:\/\/www.ctmodule.com\/de\/\",\"name\":\"CTModule\",\"description\":\"Communication Technology Modules\",\"publisher\":{\"@id\":\"https:\/\/www.ctmodule.com\/de\/#organization\"},\"potentialAction\":[{\"@type\":\"SearchAction\",\"target\":{\"@type\":\"EntryPoint\",\"urlTemplate\":\"https:\/\/www.ctmodule.com\/de\/?s={search_term_string}\"},\"query-input\":{\"@type\":\"PropertyValueSpecification\",\"valueRequired\":true,\"valueName\":\"search_term_string\"}}],\"inLanguage\":\"de-CH\"},{\"@type\":\"Organization\",\"@id\":\"https:\/\/www.ctmodule.com\/de\/#organization\",\"name\":\"CTModule AG\",\"alternateName\":\"CTModule\",\"url\":\"https:\/\/www.ctmodule.com\/de\/\",\"logo\":{\"@type\":\"ImageObject\",\"inLanguage\":\"de-CH\",\"@id\":\"https:\/\/www.ctmodule.com\/de\/#\/schema\/logo\/image\/\",\"url\":\"https:\/\/www.ctmodule.com\/wp-content\/uploads\/ctmodule.png\",\"contentUrl\":\"https:\/\/www.ctmodule.com\/wp-content\/uploads\/ctmodule.png\",\"width\":696,\"height\":696,\"caption\":\"CTModule AG\"},\"image\":{\"@id\":\"https:\/\/www.ctmodule.com\/de\/#\/schema\/logo\/image\/\"},\"sameAs\":[\"https:\/\/x.com\/CtModule\",\"https:\/\/www.linkedin.com\/company\/ctmodule\"]}]}<\/script>\n<!-- \/ Yoast SEO Premium plugin. -->","yoast_head_json":{"title":"Plattform &#8211; CTModule","robots":{"index":"index","follow":"follow","max-snippet":"max-snippet:-1","max-image-preview":"max-image-preview:large","max-video-preview":"max-video-preview:-1"},"canonical":"https:\/\/www.ctmodule.com\/de\/plattform\/","og_locale":"de_DE","og_type":"article","og_title":"Plattform","og_description":"Callisto \u2013 Die weltweit umfassendste Applikations\u00adplattform f\u00fcr Cisco UCC-L\u00f6sungen","og_url":"https:\/\/www.ctmodule.com\/de\/plattform\/","og_site_name":"CTModule","article_modified_time":"2024-07-01T15:07:25+00:00","og_image":[{"url":"https:\/\/www.ctmodule.com\/wp-content\/uploads\/Callisto_Platform_2.svg","type":"","width":"","height":""}],"twitter_card":"summary_large_image","twitter_site":"@CtModule","twitter_misc":{"Gesch\u00e4tzte Lesezeit":"8\u00a0Minuten"},"schema":{"@context":"https:\/\/schema.org","@graph":[{"@type":"WebPage","@id":"https:\/\/www.ctmodule.com\/de\/plattform\/","url":"https:\/\/www.ctmodule.com\/de\/plattform\/","name":"Plattform &#8211; CTModule","isPartOf":{"@id":"https:\/\/www.ctmodule.com\/de\/#website"},"primaryImageOfPage":{"@id":"https:\/\/www.ctmodule.com\/de\/plattform\/#primaryimage"},"image":{"@id":"https:\/\/www.ctmodule.com\/de\/plattform\/#primaryimage"},"thumbnailUrl":"https:\/\/www.ctmodule.com\/wp-content\/uploads\/Callisto_Platform_2.svg","datePublished":"2020-10-15T14:24:06+00:00","dateModified":"2024-07-01T15:07:25+00:00","breadcrumb":{"@id":"https:\/\/www.ctmodule.com\/de\/plattform\/#breadcrumb"},"inLanguage":"de-CH","potentialAction":[{"@type":"ReadAction","target":["https:\/\/www.ctmodule.com\/de\/plattform\/"]}]},{"@type":"ImageObject","inLanguage":"de-CH","@id":"https:\/\/www.ctmodule.com\/de\/plattform\/#primaryimage","url":"https:\/\/www.ctmodule.com\/wp-content\/uploads\/Callisto_Platform_2.svg","contentUrl":"https:\/\/www.ctmodule.com\/wp-content\/uploads\/Callisto_Platform_2.svg"},{"@type":"BreadcrumbList","@id":"https:\/\/www.ctmodule.com\/de\/plattform\/#breadcrumb","itemListElement":[{"@type":"ListItem","position":1,"name":"Home","item":"https:\/\/www.ctmodule.com\/de\/"},{"@type":"ListItem","position":2,"name":"Plattform"}]},{"@type":"WebSite","@id":"https:\/\/www.ctmodule.com\/de\/#website","url":"https:\/\/www.ctmodule.com\/de\/","name":"CTModule","description":"Communication Technology Modules","publisher":{"@id":"https:\/\/www.ctmodule.com\/de\/#organization"},"potentialAction":[{"@type":"SearchAction","target":{"@type":"EntryPoint","urlTemplate":"https:\/\/www.ctmodule.com\/de\/?s={search_term_string}"},"query-input":{"@type":"PropertyValueSpecification","valueRequired":true,"valueName":"search_term_string"}}],"inLanguage":"de-CH"},{"@type":"Organization","@id":"https:\/\/www.ctmodule.com\/de\/#organization","name":"CTModule AG","alternateName":"CTModule","url":"https:\/\/www.ctmodule.com\/de\/","logo":{"@type":"ImageObject","inLanguage":"de-CH","@id":"https:\/\/www.ctmodule.com\/de\/#\/schema\/logo\/image\/","url":"https:\/\/www.ctmodule.com\/wp-content\/uploads\/ctmodule.png","contentUrl":"https:\/\/www.ctmodule.com\/wp-content\/uploads\/ctmodule.png","width":696,"height":696,"caption":"CTModule AG"},"image":{"@id":"https:\/\/www.ctmodule.com\/de\/#\/schema\/logo\/image\/"},"sameAs":["https:\/\/x.com\/CtModule","https:\/\/www.linkedin.com\/company\/ctmodule"]}]}},"_links":{"self":[{"href":"https:\/\/www.ctmodule.com\/de\/wp-json\/wp\/v2\/pages\/226","targetHints":{"allow":["GET"]}}],"collection":[{"href":"https:\/\/www.ctmodule.com\/de\/wp-json\/wp\/v2\/pages"}],"about":[{"href":"https:\/\/www.ctmodule.com\/de\/wp-json\/wp\/v2\/types\/page"}],"author":[{"embeddable":true,"href":"https:\/\/www.ctmodule.com\/de\/wp-json\/wp\/v2\/users\/1"}],"replies":[{"embeddable":true,"href":"https:\/\/www.ctmodule.com\/de\/wp-json\/wp\/v2\/comments?post=226"}],"version-history":[{"count":0,"href":"https:\/\/www.ctmodule.com\/de\/wp-json\/wp\/v2\/pages\/226\/revisions"}],"wp:attachment":[{"href":"https:\/\/www.ctmodule.com\/de\/wp-json\/wp\/v2\/media?parent=226"}],"curies":[{"name":"wp","href":"https:\/\/api.w.org\/{rel}","templated":true}]}}