{"id":230,"date":"2020-10-15T14:24:41","date_gmt":"2020-10-15T14:24:41","guid":{"rendered":"http:\/\/192.168.100.222\/?page_id=230"},"modified":"2022-07-28T13:40:23","modified_gmt":"2022-07-28T13:40:23","slug":"module","status":"publish","type":"page","link":"https:\/\/www.ctmodule.com\/de\/module\/","title":{"rendered":"Module"},"content":{"rendered":"<h1>Callisto-UCC Applikationen vom Feinsten<\/h1><h2>Mehr UCC-Applikationen als irgendwo sonst \u2013 in unserem Callisto Module Store<\/h2><p><p>Welche UCC-Applikationen w\u00fcnschen Ihre Endkunden? In welchem Vertical sind Sie engagiert? Welches UCC-Angebot planen Sie am Markt einzuf\u00fchren? Was immer auch Sie auf all diese Fragen antworten, Sie finden es unten in unserem Module Store, dem weltweit gr\u00f6ssten UCC-Applikationsangebot.<\/p>\n<p>Und falls nicht, melden Sie sich einfach bei uns, wir helfen gerne weiter.<\/p>\n<\/p><h2>Darum ist Callisto f\u00fcr Sie die beste Wahl<\/h2><h3>All-in-one<\/h3><p>Mit \u00fcber 50 Applikationen ist Callisto die weltweit umfassendste Applikationsplattform f\u00fcr Cisco UCC-L\u00f6sungen. Der all-in-one Ansatz verhilft allen Return-on-Investment massiv zu senken.<\/p><h3>Modularit\u00e4t<\/h3><p>Die Modularit\u00e4t und die Vielfalt an Applikationen, l\u00e4sst Callisto zur weltweit flexibelsten Plattform f\u00fcr Cisco UCC-L\u00f6sungen werden. Die Flexibilit\u00e4t der Plattform bringt Kosteneinsparungen und Zukunftssicherheit.<\/p><h3>Massgeschneidert<\/h3><p>Das weltweit einzigartige OAM Konzept von Callisto, erm\u00f6glicht es massgefertigte Applikationen live auf die Plattform einzuspielen. Davon profitieren Endkunden durch die gezielte Bedarfsdeckung und Partner um Endkunden individueller bedienen k\u00f6nnen.<\/p><h3>Green-IT<\/h3><p>Auch wenn es um die Schonung von Ressourcen geht: Callisto. Bis ca. 1000 parallele Calls bew\u00e4ltigt die Plattform mit 2&#8209;6&nbsp;GB RAM, 2&#8209;8&nbsp;CPUs und 80&nbsp;GB HD. Sowohl Endkunden wie auch die Umwelt profitieren davon. <\/p><h3>Einfachheit<\/h3><p>Die Callisto-Plattform ist von seinen Entwicklern auf Einfachheit getrimmt. Einfachheit ist im gesamten Callisto-System zu finden und er\u00f6ffnet dem Endkunden Vorteile in Bezug auf stark reduzierte Gesamtkosten des Produkts im Lebenszyklus.<\/p><h3>Flexibilit\u00e4t<\/h3><p>Flexibilit\u00e4t nicht nur durch die grosse Anzahl von Modulen: Callisto kann zudem jede Cisco Soft-PBX bedienen, von UCME \u00fcber HCS bis zu WebEx. Weiter ist Callisto geeignet f\u00fcr den Einsatz vor Ort und Cloud- oder Service-Modellen. Dies garantiert das Mitwachsen mit dem Endkunden.<\/p><h3>Qualit\u00e4t<\/h3><p>Hohe Qualit\u00e4t liegt in unserer DNA. Installationen, die seit Jahren fehlerfrei laufen mit mehr als 25'000 zufriedenen Benutzern und 15'000 Anrufen pro Tag, beweisen die Stabilit\u00e4t von Callisto. Unsere Partner profitieren mit einer extrem hohen Kundenzufriedenheit.<\/p><h3>Probleml\u00f6ser<\/h3><p>Callisto hat auf jedes Cisco-UCC-Bed\u00fcrfnis eine Antwort: mit \u00fcber 50 Applikationen, der Modularit\u00e4t und dem OAM-Konzept f\u00fcr angepasste Applikationen, hat Callisto eine L\u00f6sung. Sowohl Endkunden wie auch Partner lieben Callisto, weil es ihre Probleme gezielt l\u00f6st.<\/p><h3>Dienstleistungen<\/h3><p>Professionelle Dienstleistungen mit all unseren Produkten. Alle Leistungen werden von unseren Kunden t\u00e4glich gelobt, sei es in der kompetenten Verkaufsunterst\u00fctzung, dem schnellen Support oder den massgefertigten Modulen. Wir sind seit \u00fcber 20 Jahren ein verl\u00e4sslicher Partner.<\/p><h2>Sie haben Ihr Callisto Modul gefunden?<\/h2><h3 class=\"tagline\">So geht\u2019s weiter\u2026<\/h3>\n<p>Sch\u00f6n, dass Sie Ihre Module bzw. Collections in unserem Module Store gefunden haben. Ihre n\u00e4chsten Schritte sind nun die folgenden:<\/p>\n<ol>\n<li>F\u00fcllen Sie ganz einfach das Callisto-Bestellformular aus oder senden Sie eine Bestellung an <a href=\"mailto:sales&#64;c&#116;m&#111;&#100;ul&#101;.c&#111;m\">&#115;a&#108;es&#64;&#99;&#116;&#109;&#111;&#100;u&#108;&#101;.&#99;om<\/a> (Deutschland: <a href=\"mailto:&#115;&#97;&#108;&#101;s&#45;d&#64;&#99;&#116;m&#111;d&#117;le&#46;com\">sa&#108;es&#45;d&#64;&#99;tmo&#100;&#117;le&#46;&#99;&#111;m<\/a>)<\/li>\n<li>Wir best\u00e4tigen Ihre Bestellung binnen max. 2 Arbeitstagen<\/li>\n<li>Sie laden das Callisto-Image (OVA) \u00fcber unseren bereitgestellten Download-Link herunter und installieren dieses gem\u00e4ss Callisto-Bereitstellungshandbuch auf der virtuellen Kundenumgebung<\/li>\n<li>Gehen Sie Schritt f\u00fcr Schritt gem\u00e4ss Callisto-Installationshandbuch vor und senden Sie beim Punkt \u00abLizenzen\u00bb den Callisto-Startcode unter Angabe des Auftrags an uns<\/li>\n<li>Meistens noch am selben Tag, jedoch max. nach 2 Arbeitstagen erhalten Sie die gew\u00fcnschte Lizenz per E-Mail zugestellt<\/li>\n<li>Spielen Sie die Lizenz gem\u00e4ss Installationshandbuch ein und folgen Sie weiter den Anweisungen im Callisto-Administrationshandbuch<\/li>\n<\/ol>\n<h2>Sie haben Ihr Callisto Modul nicht gefunden?<\/h2><h3 class=\"tagline\">Wir helfen gerne weiter\u2026<\/h3>\n<p>Sie waren mit Ihrer Suche im Callisto Module Store noch nicht erfolgreich? Kein Thema! Wir sind auch jetzt f\u00fcr Sie da. Mit unserem eigenen Entwicklungssystem CTMaker\u00ae sind wir extrem schnell im Implementieren von neuen Anforderungen \u2013 sei es f\u00fcr ein neues Modul, eine Modulerweiterung oder eine kundenspezifische Applikation. Und so geht es f\u00fcr Sie weiter:<\/p>\n<ol>\n<li>Spezifizieren Sie die gew\u00fcnschte Anforderung und senden diese bitte an <a href=\"mailto:sa&#108;es&#64;ct&#109;o&#100;&#117;le&#46;c&#111;&#109;\">&#115;&#97;&#108;&#101;s&#64;&#99;tmo&#100;ul&#101;.&#99;&#111;m<\/a><\/li>\n<li>Wir kontaktieren Sie kurz f\u00fcr Detailabkl\u00e4rungen oder R\u00fcckfragen per E-Mail oder telefonisch<\/li>\n<li>Nach max. 5 Arbeitstagen erhalten Sie von uns ein Angebot<\/li>\n<li>Anschliessend folgt der Bestell- bzw. Auftragsbest\u00e4tigungsprozess bevor die Implementation des spezifizierten Auftrags startet<\/li>\n<li>Innerhalb k\u00fcrzester Zeit erhalten Sie die gew\u00fcnschte Applikation, welche ohne Service-Unterbrechung auf die Callisto-Plattform hochgeladen und anschliessend im gewohnten Look &amp; Feel konfiguriert werden kann<\/li>\n<li>Nach der Abnahme durch den Partner und den Kunden, geht die Applikation beim Kunden in Betrieb<\/li>\n<\/ol>\n","protected":false},"excerpt":{"rendered":"<p>Mehr UCC-Applikationen als irgendwo sonst \u2013 in unserem Callisto Module Store<\/p>\n","protected":false},"author":1,"featured_media":0,"parent":0,"menu_order":5,"comment_status":"closed","ping_status":"closed","template":"","meta":{"_acf_changed":false,"footnotes":""},"class_list":["post-230","page","type-page","status-publish","hentry"],"acf":[],"yoast_head":"<!-- This site is optimized with the Yoast SEO Premium plugin v26.4 (Yoast SEO v27.2) - https:\/\/yoast.com\/product\/yoast-seo-premium-wordpress\/ -->\n<title>Module &#8211; CTModule<\/title>\n<meta name=\"robots\" content=\"index, follow, max-snippet:-1, max-image-preview:large, max-video-preview:-1\" \/>\n<link rel=\"canonical\" href=\"https:\/\/www.ctmodule.com\/de\/module\/\" \/>\n<meta property=\"og:locale\" content=\"de_DE\" \/>\n<meta property=\"og:type\" content=\"article\" \/>\n<meta property=\"og:title\" content=\"Module\" \/>\n<meta property=\"og:description\" content=\"Mehr UCC-Applikationen als irgendwo sonst \u2013 in unserem Callisto Module Store\" \/>\n<meta property=\"og:url\" content=\"https:\/\/www.ctmodule.com\/de\/module\/\" \/>\n<meta property=\"og:site_name\" content=\"CTModule\" \/>\n<meta property=\"article:modified_time\" content=\"2022-07-28T13:40:23+00:00\" \/>\n<meta name=\"twitter:card\" content=\"summary_large_image\" \/>\n<meta name=\"twitter:site\" content=\"@CtModule\" \/>\n<meta name=\"twitter:label1\" content=\"Gesch\u00e4tzte Lesezeit\" \/>\n\t<meta name=\"twitter:data1\" content=\"4\u00a0Minuten\" \/>\n<script type=\"application\/ld+json\" class=\"yoast-schema-graph\">{\"@context\":\"https:\/\/schema.org\",\"@graph\":[{\"@type\":\"WebPage\",\"@id\":\"https:\/\/www.ctmodule.com\/de\/module\/\",\"url\":\"https:\/\/www.ctmodule.com\/de\/module\/\",\"name\":\"Module &#8211; CTModule\",\"isPartOf\":{\"@id\":\"https:\/\/www.ctmodule.com\/de\/#website\"},\"datePublished\":\"2020-10-15T14:24:41+00:00\",\"dateModified\":\"2022-07-28T13:40:23+00:00\",\"breadcrumb\":{\"@id\":\"https:\/\/www.ctmodule.com\/de\/module\/#breadcrumb\"},\"inLanguage\":\"de-CH\",\"potentialAction\":[{\"@type\":\"ReadAction\",\"target\":[\"https:\/\/www.ctmodule.com\/de\/module\/\"]}]},{\"@type\":\"BreadcrumbList\",\"@id\":\"https:\/\/www.ctmodule.com\/de\/module\/#breadcrumb\",\"itemListElement\":[{\"@type\":\"ListItem\",\"position\":1,\"name\":\"Home\",\"item\":\"https:\/\/www.ctmodule.com\/de\/\"},{\"@type\":\"ListItem\",\"position\":2,\"name\":\"Module\"}]},{\"@type\":\"WebSite\",\"@id\":\"https:\/\/www.ctmodule.com\/de\/#website\",\"url\":\"https:\/\/www.ctmodule.com\/de\/\",\"name\":\"CTModule\",\"description\":\"Communication Technology Modules\",\"publisher\":{\"@id\":\"https:\/\/www.ctmodule.com\/de\/#organization\"},\"potentialAction\":[{\"@type\":\"SearchAction\",\"target\":{\"@type\":\"EntryPoint\",\"urlTemplate\":\"https:\/\/www.ctmodule.com\/de\/?s={search_term_string}\"},\"query-input\":{\"@type\":\"PropertyValueSpecification\",\"valueRequired\":true,\"valueName\":\"search_term_string\"}}],\"inLanguage\":\"de-CH\"},{\"@type\":\"Organization\",\"@id\":\"https:\/\/www.ctmodule.com\/de\/#organization\",\"name\":\"CTModule AG\",\"alternateName\":\"CTModule\",\"url\":\"https:\/\/www.ctmodule.com\/de\/\",\"logo\":{\"@type\":\"ImageObject\",\"inLanguage\":\"de-CH\",\"@id\":\"https:\/\/www.ctmodule.com\/de\/#\/schema\/logo\/image\/\",\"url\":\"https:\/\/www.ctmodule.com\/wp-content\/uploads\/ctmodule.png\",\"contentUrl\":\"https:\/\/www.ctmodule.com\/wp-content\/uploads\/ctmodule.png\",\"width\":696,\"height\":696,\"caption\":\"CTModule AG\"},\"image\":{\"@id\":\"https:\/\/www.ctmodule.com\/de\/#\/schema\/logo\/image\/\"},\"sameAs\":[\"https:\/\/x.com\/CtModule\",\"https:\/\/www.linkedin.com\/company\/ctmodule\"]}]}<\/script>\n<!-- \/ Yoast SEO Premium plugin. -->","yoast_head_json":{"title":"Module &#8211; CTModule","robots":{"index":"index","follow":"follow","max-snippet":"max-snippet:-1","max-image-preview":"max-image-preview:large","max-video-preview":"max-video-preview:-1"},"canonical":"https:\/\/www.ctmodule.com\/de\/module\/","og_locale":"de_DE","og_type":"article","og_title":"Module","og_description":"Mehr UCC-Applikationen als irgendwo sonst \u2013 in unserem Callisto Module Store","og_url":"https:\/\/www.ctmodule.com\/de\/module\/","og_site_name":"CTModule","article_modified_time":"2022-07-28T13:40:23+00:00","twitter_card":"summary_large_image","twitter_site":"@CtModule","twitter_misc":{"Gesch\u00e4tzte Lesezeit":"4\u00a0Minuten"},"schema":{"@context":"https:\/\/schema.org","@graph":[{"@type":"WebPage","@id":"https:\/\/www.ctmodule.com\/de\/module\/","url":"https:\/\/www.ctmodule.com\/de\/module\/","name":"Module &#8211; CTModule","isPartOf":{"@id":"https:\/\/www.ctmodule.com\/de\/#website"},"datePublished":"2020-10-15T14:24:41+00:00","dateModified":"2022-07-28T13:40:23+00:00","breadcrumb":{"@id":"https:\/\/www.ctmodule.com\/de\/module\/#breadcrumb"},"inLanguage":"de-CH","potentialAction":[{"@type":"ReadAction","target":["https:\/\/www.ctmodule.com\/de\/module\/"]}]},{"@type":"BreadcrumbList","@id":"https:\/\/www.ctmodule.com\/de\/module\/#breadcrumb","itemListElement":[{"@type":"ListItem","position":1,"name":"Home","item":"https:\/\/www.ctmodule.com\/de\/"},{"@type":"ListItem","position":2,"name":"Module"}]},{"@type":"WebSite","@id":"https:\/\/www.ctmodule.com\/de\/#website","url":"https:\/\/www.ctmodule.com\/de\/","name":"CTModule","description":"Communication Technology Modules","publisher":{"@id":"https:\/\/www.ctmodule.com\/de\/#organization"},"potentialAction":[{"@type":"SearchAction","target":{"@type":"EntryPoint","urlTemplate":"https:\/\/www.ctmodule.com\/de\/?s={search_term_string}"},"query-input":{"@type":"PropertyValueSpecification","valueRequired":true,"valueName":"search_term_string"}}],"inLanguage":"de-CH"},{"@type":"Organization","@id":"https:\/\/www.ctmodule.com\/de\/#organization","name":"CTModule AG","alternateName":"CTModule","url":"https:\/\/www.ctmodule.com\/de\/","logo":{"@type":"ImageObject","inLanguage":"de-CH","@id":"https:\/\/www.ctmodule.com\/de\/#\/schema\/logo\/image\/","url":"https:\/\/www.ctmodule.com\/wp-content\/uploads\/ctmodule.png","contentUrl":"https:\/\/www.ctmodule.com\/wp-content\/uploads\/ctmodule.png","width":696,"height":696,"caption":"CTModule AG"},"image":{"@id":"https:\/\/www.ctmodule.com\/de\/#\/schema\/logo\/image\/"},"sameAs":["https:\/\/x.com\/CtModule","https:\/\/www.linkedin.com\/company\/ctmodule"]}]}},"_links":{"self":[{"href":"https:\/\/www.ctmodule.com\/de\/wp-json\/wp\/v2\/pages\/230","targetHints":{"allow":["GET"]}}],"collection":[{"href":"https:\/\/www.ctmodule.com\/de\/wp-json\/wp\/v2\/pages"}],"about":[{"href":"https:\/\/www.ctmodule.com\/de\/wp-json\/wp\/v2\/types\/page"}],"author":[{"embeddable":true,"href":"https:\/\/www.ctmodule.com\/de\/wp-json\/wp\/v2\/users\/1"}],"replies":[{"embeddable":true,"href":"https:\/\/www.ctmodule.com\/de\/wp-json\/wp\/v2\/comments?post=230"}],"version-history":[{"count":0,"href":"https:\/\/www.ctmodule.com\/de\/wp-json\/wp\/v2\/pages\/230\/revisions"}],"wp:attachment":[{"href":"https:\/\/www.ctmodule.com\/de\/wp-json\/wp\/v2\/media?parent=230"}],"curies":[{"name":"wp","href":"https:\/\/api.w.org\/{rel}","templated":true}]}}