{"id":234,"date":"2020-10-15T14:25:35","date_gmt":"2020-10-15T14:25:35","guid":{"rendered":"http:\/\/192.168.100.222\/?page_id=234"},"modified":"2022-07-04T07:17:54","modified_gmt":"2022-07-04T07:17:54","slug":"collections","status":"publish","type":"page","link":"https:\/\/www.ctmodule.com\/de\/collections\/","title":{"rendered":"Collections"},"content":{"rendered":"<h1>Callisto Collections f\u00fcr Ihr Vertical<\/h1><h2>W\u00e4hlen Sie aus den Callisto Collections den f\u00fcr Sie zutreffenden Markt oder die zutreffende L\u00f6sung<\/h2><p><p>Die Callisto-Plattform umfasst mittlerweile eine so grosse Anzahl an Applikationen, dass wir diese f\u00fcr Sie in Markt- und L\u00f6sungskollektionen gegliedert haben. So finden Sie ganz schnell und zuverl\u00e4ssig die Applikationen, die Sie f\u00fcr sich bzw. Ihren Kunden brauchen. In der untenstehenden \u00dcbersicht erhalten Sie den direkten Zugang zur Callisto Collection ihrer Wahl.<\/p>\n<\/p>","protected":false},"excerpt":{"rendered":"<p>W\u00e4hlen sie aus den Callisto Collections den f\u00fcr sie zutreffenden Markt oder die zutreffende L\u00f6sung<\/p>\n","protected":false},"author":1,"featured_media":0,"parent":0,"menu_order":7,"comment_status":"closed","ping_status":"closed","template":"","meta":{"_acf_changed":false,"footnotes":""},"class_list":["post-234","page","type-page","status-publish","hentry"],"acf":[],"yoast_head":"<!-- This site is optimized with the Yoast SEO Premium plugin v26.4 (Yoast SEO v27.2) - https:\/\/yoast.com\/product\/yoast-seo-premium-wordpress\/ -->\n<title>Collections &#8211; CTModule<\/title>\n<meta name=\"robots\" content=\"index, follow, max-snippet:-1, max-image-preview:large, max-video-preview:-1\" \/>\n<link rel=\"canonical\" href=\"https:\/\/www.ctmodule.com\/de\/collections\/\" \/>\n<meta property=\"og:locale\" content=\"de_DE\" \/>\n<meta property=\"og:type\" content=\"article\" \/>\n<meta property=\"og:title\" content=\"Collections\" \/>\n<meta property=\"og:description\" content=\"W\u00e4hlen sie aus den Callisto Collections den f\u00fcr sie zutreffenden Markt oder die zutreffende L\u00f6sung\" \/>\n<meta property=\"og:url\" content=\"https:\/\/www.ctmodule.com\/de\/collections\/\" \/>\n<meta property=\"og:site_name\" content=\"CTModule\" \/>\n<meta property=\"article:modified_time\" content=\"2022-07-04T07:17:54+00:00\" \/>\n<meta name=\"twitter:card\" content=\"summary_large_image\" \/>\n<meta name=\"twitter:site\" content=\"@CtModule\" \/>\n<script type=\"application\/ld+json\" class=\"yoast-schema-graph\">{\"@context\":\"https:\/\/schema.org\",\"@graph\":[{\"@type\":\"WebPage\",\"@id\":\"https:\/\/www.ctmodule.com\/de\/collections\/\",\"url\":\"https:\/\/www.ctmodule.com\/de\/collections\/\",\"name\":\"Collections &#8211; CTModule\",\"isPartOf\":{\"@id\":\"https:\/\/www.ctmodule.com\/de\/#website\"},\"datePublished\":\"2020-10-15T14:25:35+00:00\",\"dateModified\":\"2022-07-04T07:17:54+00:00\",\"breadcrumb\":{\"@id\":\"https:\/\/www.ctmodule.com\/de\/collections\/#breadcrumb\"},\"inLanguage\":\"de-CH\",\"potentialAction\":[{\"@type\":\"ReadAction\",\"target\":[\"https:\/\/www.ctmodule.com\/de\/collections\/\"]}]},{\"@type\":\"BreadcrumbList\",\"@id\":\"https:\/\/www.ctmodule.com\/de\/collections\/#breadcrumb\",\"itemListElement\":[{\"@type\":\"ListItem\",\"position\":1,\"name\":\"Home\",\"item\":\"https:\/\/www.ctmodule.com\/de\/\"},{\"@type\":\"ListItem\",\"position\":2,\"name\":\"Collections\"}]},{\"@type\":\"WebSite\",\"@id\":\"https:\/\/www.ctmodule.com\/de\/#website\",\"url\":\"https:\/\/www.ctmodule.com\/de\/\",\"name\":\"CTModule\",\"description\":\"Communication Technology Modules\",\"publisher\":{\"@id\":\"https:\/\/www.ctmodule.com\/de\/#organization\"},\"potentialAction\":[{\"@type\":\"SearchAction\",\"target\":{\"@type\":\"EntryPoint\",\"urlTemplate\":\"https:\/\/www.ctmodule.com\/de\/?s={search_term_string}\"},\"query-input\":{\"@type\":\"PropertyValueSpecification\",\"valueRequired\":true,\"valueName\":\"search_term_string\"}}],\"inLanguage\":\"de-CH\"},{\"@type\":\"Organization\",\"@id\":\"https:\/\/www.ctmodule.com\/de\/#organization\",\"name\":\"CTModule AG\",\"alternateName\":\"CTModule\",\"url\":\"https:\/\/www.ctmodule.com\/de\/\",\"logo\":{\"@type\":\"ImageObject\",\"inLanguage\":\"de-CH\",\"@id\":\"https:\/\/www.ctmodule.com\/de\/#\/schema\/logo\/image\/\",\"url\":\"https:\/\/www.ctmodule.com\/wp-content\/uploads\/ctmodule.png\",\"contentUrl\":\"https:\/\/www.ctmodule.com\/wp-content\/uploads\/ctmodule.png\",\"width\":696,\"height\":696,\"caption\":\"CTModule AG\"},\"image\":{\"@id\":\"https:\/\/www.ctmodule.com\/de\/#\/schema\/logo\/image\/\"},\"sameAs\":[\"https:\/\/x.com\/CtModule\",\"https:\/\/www.linkedin.com\/company\/ctmodule\"]}]}<\/script>\n<!-- \/ Yoast SEO Premium plugin. -->","yoast_head_json":{"title":"Collections &#8211; CTModule","robots":{"index":"index","follow":"follow","max-snippet":"max-snippet:-1","max-image-preview":"max-image-preview:large","max-video-preview":"max-video-preview:-1"},"canonical":"https:\/\/www.ctmodule.com\/de\/collections\/","og_locale":"de_DE","og_type":"article","og_title":"Collections","og_description":"W\u00e4hlen sie aus den Callisto Collections den f\u00fcr sie zutreffenden Markt oder die zutreffende L\u00f6sung","og_url":"https:\/\/www.ctmodule.com\/de\/collections\/","og_site_name":"CTModule","article_modified_time":"2022-07-04T07:17:54+00:00","twitter_card":"summary_large_image","twitter_site":"@CtModule","schema":{"@context":"https:\/\/schema.org","@graph":[{"@type":"WebPage","@id":"https:\/\/www.ctmodule.com\/de\/collections\/","url":"https:\/\/www.ctmodule.com\/de\/collections\/","name":"Collections &#8211; CTModule","isPartOf":{"@id":"https:\/\/www.ctmodule.com\/de\/#website"},"datePublished":"2020-10-15T14:25:35+00:00","dateModified":"2022-07-04T07:17:54+00:00","breadcrumb":{"@id":"https:\/\/www.ctmodule.com\/de\/collections\/#breadcrumb"},"inLanguage":"de-CH","potentialAction":[{"@type":"ReadAction","target":["https:\/\/www.ctmodule.com\/de\/collections\/"]}]},{"@type":"BreadcrumbList","@id":"https:\/\/www.ctmodule.com\/de\/collections\/#breadcrumb","itemListElement":[{"@type":"ListItem","position":1,"name":"Home","item":"https:\/\/www.ctmodule.com\/de\/"},{"@type":"ListItem","position":2,"name":"Collections"}]},{"@type":"WebSite","@id":"https:\/\/www.ctmodule.com\/de\/#website","url":"https:\/\/www.ctmodule.com\/de\/","name":"CTModule","description":"Communication Technology Modules","publisher":{"@id":"https:\/\/www.ctmodule.com\/de\/#organization"},"potentialAction":[{"@type":"SearchAction","target":{"@type":"EntryPoint","urlTemplate":"https:\/\/www.ctmodule.com\/de\/?s={search_term_string}"},"query-input":{"@type":"PropertyValueSpecification","valueRequired":true,"valueName":"search_term_string"}}],"inLanguage":"de-CH"},{"@type":"Organization","@id":"https:\/\/www.ctmodule.com\/de\/#organization","name":"CTModule AG","alternateName":"CTModule","url":"https:\/\/www.ctmodule.com\/de\/","logo":{"@type":"ImageObject","inLanguage":"de-CH","@id":"https:\/\/www.ctmodule.com\/de\/#\/schema\/logo\/image\/","url":"https:\/\/www.ctmodule.com\/wp-content\/uploads\/ctmodule.png","contentUrl":"https:\/\/www.ctmodule.com\/wp-content\/uploads\/ctmodule.png","width":696,"height":696,"caption":"CTModule AG"},"image":{"@id":"https:\/\/www.ctmodule.com\/de\/#\/schema\/logo\/image\/"},"sameAs":["https:\/\/x.com\/CtModule","https:\/\/www.linkedin.com\/company\/ctmodule"]}]}},"_links":{"self":[{"href":"https:\/\/www.ctmodule.com\/de\/wp-json\/wp\/v2\/pages\/234","targetHints":{"allow":["GET"]}}],"collection":[{"href":"https:\/\/www.ctmodule.com\/de\/wp-json\/wp\/v2\/pages"}],"about":[{"href":"https:\/\/www.ctmodule.com\/de\/wp-json\/wp\/v2\/types\/page"}],"author":[{"embeddable":true,"href":"https:\/\/www.ctmodule.com\/de\/wp-json\/wp\/v2\/users\/1"}],"replies":[{"embeddable":true,"href":"https:\/\/www.ctmodule.com\/de\/wp-json\/wp\/v2\/comments?post=234"}],"version-history":[{"count":0,"href":"https:\/\/www.ctmodule.com\/de\/wp-json\/wp\/v2\/pages\/234\/revisions"}],"wp:attachment":[{"href":"https:\/\/www.ctmodule.com\/de\/wp-json\/wp\/v2\/media?parent=234"}],"curies":[{"name":"wp","href":"https:\/\/api.w.org\/{rel}","templated":true}]}}