{"id":5134,"date":"2021-02-15T15:29:30","date_gmt":"2021-02-15T15:29:30","guid":{"rendered":"http:\/\/192.168.100.222\/?page_id=5134"},"modified":"2025-12-09T10:16:01","modified_gmt":"2025-12-09T10:16:01","slug":"services","status":"publish","type":"page","link":"https:\/\/www.ctmodule.com\/de\/services\/","title":{"rendered":"Services"},"content":{"rendered":"<h1>Unsere Dienst&shy;leistungen<\/h1><h2>Services rund um unsere Produkte \u2013 Zuverl\u00e4ssigkeit durch Qualit\u00e4tsbewusstsein<\/h2><p><p>Die hohe Qualit\u00e4t unserer Dienstleistungen ist wichtiger Bestandteil unserer f\u00fchrenden Produkte. Deshalb stehen wir f\u00fcr hochprofessionelle Dienstleistungen inklusive Best-in-Class Support. Unsere Partner und Endkunden haben zurecht hohe Erwartungen, welche das Team von CTModule mit weltweitem Support mit umfassenden SLA's, proaktiver Wartung der Produkte, professioneller Beratung der Partner und Endkunden, massgeschneidertem Produkt-Engineering nach Kundenbed\u00fcrfnissen und umfassenden Schulungsprogrammen beantwortet. Wir sind seit \u00fcber 20 Jahren ein zuverl\u00e4ssiger und professioneller Partner f\u00fcr jeden unserer zahlreichen, zufriedenen Partner und Endkunden.<\/p>\n<\/p><h2><\/h2><h2 class=\"centred\">Wir haben die schlechte Angewohnheit, alle ihre Probleme zu Ihrer vollsten Zufriedenheit zu l\u00f6sen<\/h2>\n<p style=\"text-align: center;\">Tania Barbeito, Manager Marketing &amp; Channel Sales CTModule<\/p>\n<h2>Support und Wartung<\/h2><p>CTModule strebt stets nach exzellenten Support- und Wartungsleistungen f\u00fcr alle seine Produkte, denn Support und Wartung werden als Teil des Produktes selbst verstanden. Unsere Partner und Kunden erfahren, was \u00abWe care for you\u00bb f\u00fcr uns bedeutet: Wir k\u00fcmmern uns um jeden unserer Kunden, als ob er der Einzigste und Wichtigste w\u00e4re. Deshalb haben wir die folgenden drei Support-Pl\u00e4ne f\u00fcr sie entwickelt. W\u00e4hlen sie bitte untenstehend denjenigen, der am besten zu Ihnen passt.<\/p>\n<p>CTModule bietet, je nach Kundenwunsch, First-, Second- oder Third-Level-Support f\u00fcr alle seine Produkte und L\u00f6sungen, von 5\u00d78 Basic bis 7\u00d724\/365 Premium.<\/p>\n<div class=\"table-wrapper\">\n<table class=\"nonconvertible\">\n<thead>\n<tr>\n<td style=\"width: 40%;\"><strong>Programm Details<\/strong><\/td>\n<td style=\"width: 20%; background-color: #e5405a;\"><span style=\"color: #ffffff;\"><strong>Basic<\/strong><\/span><\/td>\n<td style=\"width: 20%; background-color: #bd395b;\"><span style=\"color: #ffffff;\">Advanced (Plus)<\/span><\/td>\n<td style=\"width: 20%; background-color: #95335d;\"><span style=\"color: #ffffff;\"><strong>Premium<\/strong><\/span><\/td>\n<\/tr>\n<\/thead>\n<tbody>\n<tr>\n<th colspan=\"4\">Support Service Channel<\/th>\n<\/tr>\n<tr>\n<td>E-mail Support<\/td>\n<td><div class=\"inlineicon-wrapper\"><div class=\"icon inlineicon inlineicon-yes\"><\/div><\/div><\/td>\n<td><div class=\"inlineicon-wrapper\"><div class=\"icon inlineicon inlineicon-yes\"><\/div><\/div><\/td>\n<td><div class=\"inlineicon-wrapper\"><div class=\"icon inlineicon inlineicon-yes\"><\/div><\/div><\/td>\n<\/tr>\n<tr>\n<td>Telefon Support<\/td>\n<td><div class=\"inlineicon-wrapper\"><div class=\"icon inlineicon inlineicon-yes\"><\/div><\/div><\/td>\n<td><div class=\"inlineicon-wrapper\"><div class=\"icon inlineicon inlineicon-yes\"><\/div><\/div><\/td>\n<td><div class=\"inlineicon-wrapper\"><div class=\"icon inlineicon inlineicon-yes\"><\/div><\/div><\/td>\n<\/tr>\n<tr>\n<td>Remote Support Anfrage (z.B., Webex)<\/td>\n<td><div class=\"inlineicon-wrapper\"><div class=\"icon inlineicon inlineicon-no\"><\/div><\/div><\/td>\n<td><div class=\"inlineicon-wrapper\"><div class=\"icon inlineicon inlineicon-yes\"><\/div><\/div><\/td>\n<td><div class=\"inlineicon-wrapper\"><div class=\"icon inlineicon inlineicon-yes\"><\/div><\/div><\/td>\n<\/tr>\n<tr>\n<th style=\"padding-top: 3.65em;\" colspan=\"4\"><strong>Support Service Operations<\/strong><\/th>\n<\/tr>\n<tr>\n<td>Support Tickets (unlimitiert)<\/td>\n<td><div class=\"inlineicon-wrapper\"><div class=\"icon inlineicon inlineicon-yes\"><\/div><\/div><\/td>\n<td><div class=\"inlineicon-wrapper\"><div class=\"icon inlineicon inlineicon-yes\"><\/div><\/div><\/td>\n<td><div class=\"inlineicon-wrapper\"><div class=\"icon inlineicon inlineicon-yes\"><\/div><\/div><\/td>\n<\/tr>\n<tr>\n<td>Remote Support Service<\/td>\n<td><div class=\"inlineicon-wrapper\"><div class=\"icon inlineicon inlineicon-yes\"><\/div><\/div><\/td>\n<td><div class=\"inlineicon-wrapper\"><div class=\"icon inlineicon inlineicon-yes\"><\/div><\/div><\/td>\n<td><div class=\"inlineicon-wrapper\"><div class=\"icon inlineicon inlineicon-yes\"><\/div><\/div><\/td>\n<\/tr>\n<tr>\n<td>Vor Ort Support Service<\/td>\n<td><div class=\"inlineicon-wrapper\"><div class=\"icon inlineicon inlineicon-no\"><\/div><\/div><\/td>\n<td>Optional nach Vereinbarung, kostenpflichtig<\/td>\n<td>Optional nach Vereinbarung, kostenpflichtig<\/td>\n<\/tr>\n<tr>\n<td>Proaktiver Support<\/td>\n<td><div class=\"inlineicon-wrapper\"><div class=\"icon inlineicon inlineicon-no\"><\/div><\/div><\/td>\n<td>Optional nach Vereinbarung, kostenpflichtig<\/td>\n<td>Optional nach Vereinbarung, kostenpflichtig<\/td>\n<\/tr>\n<tr>\n<td>Special Service Anfrage \u2013 Service Katalog<\/td>\n<td><div class=\"inlineicon-wrapper\"><div class=\"icon inlineicon inlineicon-no\"><\/div><\/div><\/td>\n<td>Optional nach Vereinbarung, kostenpflichtig<\/td>\n<td>Optional nach Vereinbarung, kostenpflichtig<\/td>\n<\/tr>\n<tr>\n<th style=\"padding-top: 3.65em;\" colspan=\"4\"><strong>Support Service Operations Zeitraum<\/strong><\/th>\n<\/tr>\n<tr>\n<td>Service Desk Zugriffszeiten<\/td>\n<td>Gesch\u00e4ftszeiten<\/td>\n<td>(Erweiterte) Gesch\u00e4ftszeiten<\/td>\n<td>24\/7<br \/>\n365<\/td>\n<\/tr>\n<tr>\n<td>Standard Woche \u2013 Montag bis Freitag<\/td>\n<td><div class=\"inlineicon-wrapper\"><div class=\"icon inlineicon inlineicon-yes\"><\/div><\/div><\/td>\n<td><div class=\"inlineicon-wrapper\"><div class=\"icon inlineicon inlineicon-yes\"><\/div><\/div><\/td>\n<td><div class=\"inlineicon-wrapper\"><div class=\"icon inlineicon inlineicon-yes\"><\/div><\/div><\/td>\n<\/tr>\n<tr>\n<td>Erweiterte Woche \u2013 Montag bis Freitag<\/td>\n<td><div class=\"inlineicon-wrapper\"><div class=\"icon inlineicon inlineicon-no\"><\/div><\/div><\/td>\n<td>Optional nach Vereinbarung, kostenpflichtig<\/td>\n<td><div class=\"inlineicon-wrapper\"><div class=\"icon inlineicon inlineicon-yes\"><\/div><\/div><\/td>\n<\/tr>\n<tr>\n<td>Schweizer Feiertage<\/td>\n<td><div class=\"inlineicon-wrapper\"><div class=\"icon inlineicon inlineicon-no\"><\/div><\/div><\/td>\n<td>Optional nach Vereinbarung, kostenpflichtig<\/td>\n<td><div class=\"inlineicon-wrapper\"><div class=\"icon inlineicon inlineicon-yes\"><\/div><\/div><\/td>\n<\/tr>\n<tr>\n<td>Ausserbetrieblicher Dienst\/Arbeitszeiten \u2013 Rufbereitschaftsdienst<\/td>\n<td><div class=\"inlineicon-wrapper\"><div class=\"icon inlineicon inlineicon-no\"><\/div><\/div><\/td>\n<td><div class=\"inlineicon-wrapper\"><div class=\"icon inlineicon inlineicon-no\"><\/div><\/div><\/td>\n<td><div class=\"inlineicon-wrapper\"><div class=\"icon inlineicon inlineicon-yes\"><\/div><\/div><\/td>\n<\/tr>\n<tr>\n<th style=\"padding-top: 3.65em;\" colspan=\"4\"><strong>Service Level Agreement (SLA)<\/strong><\/th>\n<\/tr>\n<tr>\n<td>Priorit\u00e4t<\/td>\n<td><div class=\"inlineicon-wrapper\"><div class=\"icon inlineicon inlineicon-no\"><\/div><\/div><\/td>\n<td><div class=\"inlineicon-wrapper\"><div class=\"icon inlineicon inlineicon-yes\"><\/div><\/div><\/td>\n<td><div class=\"inlineicon-wrapper\"><div class=\"icon inlineicon inlineicon-yes\"><\/div><\/div><\/td>\n<\/tr>\n<tr>\n<td>Definierte Reaktionszeiten<\/td>\n<td><div class=\"inlineicon-wrapper\"><div class=\"icon inlineicon inlineicon-no\"><\/div><\/div><\/td>\n<td><div class=\"inlineicon-wrapper\"><div class=\"icon inlineicon inlineicon-yes\"><\/div><\/div><\/td>\n<td><div class=\"inlineicon-wrapper\"><div class=\"icon inlineicon inlineicon-yes\"><\/div><\/div><\/td>\n<\/tr>\n<tr>\n<th style=\"padding-top: 3.65em;\" colspan=\"4\"><strong>Support Level Zugriff<\/strong><\/th>\n<\/tr>\n<tr>\n<td>First Level Support \u2013 Endbenutzer Support<\/td>\n<td><div class=\"inlineicon-wrapper\"><div class=\"icon inlineicon inlineicon-no\"><\/div><\/div><\/td>\n<td>Optional nach Vereinbarung, kostenpflichtig<\/td>\n<td>Optional nach Vereinbarung, kostenpflichtig<\/td>\n<\/tr>\n<tr>\n<td>Second Level Support \u2013 System Administrator Support (Kunde\/Partner)<\/td>\n<td><div class=\"inlineicon-wrapper\"><div class=\"icon inlineicon inlineicon-no\"><\/div><\/div><\/td>\n<td><div class=\"inlineicon-wrapper\"><div class=\"icon inlineicon inlineicon-yes\"><\/div><\/div><\/td>\n<td><div class=\"inlineicon-wrapper\"><div class=\"icon inlineicon inlineicon-yes\"><\/div><\/div><\/td>\n<\/tr>\n<tr>\n<td>Third Level Support \u2013 CTModule interner Support<\/td>\n<td>Nur \u00fcber Second Level Support<\/td>\n<td>Nur \u00fcber Second Level Support<\/td>\n<td>Nur \u00fcber Second Level Support<\/td>\n<\/tr>\n<tr>\n<th style=\"padding-top: 3.65em;\" colspan=\"4\"><strong>Produktwartung und Verbesserungen<\/strong><\/th>\n<\/tr>\n<tr>\n<td>Bug Fixes \u2013 Mehrere Releases pro Jahr<\/td>\n<td><div class=\"inlineicon-wrapper\"><div class=\"icon inlineicon inlineicon-yes\"><\/div><\/div><\/td>\n<td><div class=\"inlineicon-wrapper\"><div class=\"icon inlineicon inlineicon-yes\"><\/div><\/div><\/td>\n<td><div class=\"inlineicon-wrapper\"><div class=\"icon inlineicon inlineicon-yes\"><\/div><\/div><\/td>\n<\/tr>\n<tr>\n<td>Neu Features \u2013 Mehrere Releases pro Jahr<\/td>\n<td><div class=\"inlineicon-wrapper\"><div class=\"icon inlineicon inlineicon-yes\"><\/div><\/div><\/td>\n<td><div class=\"inlineicon-wrapper\"><div class=\"icon inlineicon inlineicon-yes\"><\/div><\/div><\/td>\n<td><div class=\"inlineicon-wrapper\"><div class=\"icon inlineicon inlineicon-yes\"><\/div><\/div><\/td>\n<\/tr>\n<tr>\n<td>Behebung von Schwachstellen &#8211; je nach Anforderungen<\/td>\n<td><div class=\"inlineicon-wrapper\"><div class=\"icon inlineicon inlineicon-yes\"><\/div><\/div><\/td>\n<td><div class=\"inlineicon-wrapper\"><div class=\"icon inlineicon inlineicon-yes\"><\/div><\/div><\/td>\n<td><div class=\"inlineicon-wrapper\"><div class=\"icon inlineicon inlineicon-yes\"><\/div><\/div><\/td>\n<\/tr>\n<\/tbody>\n<\/table>\n<\/div>\n<p>Haben Sie eine Frage? Besuchen Sie unsere Knowledge Base \u2013 dort finden Sie schnelle L\u00f6sungen und hilfreiche Anleitungen.<\/p>\n<h2>Entwicklungen<\/h2><p>Wir alle sind mit einem sich st\u00e4ndig ver\u00e4ndernden Markt und wechselnden Bed\u00fcrfnissen konfrontiert. Individualit\u00e4t und Anpassung eines Produkts ist eine h\u00e4ufige Anforderung der Kunden. Sie brauchen zus\u00e4tzliche Funktionalit\u00e4ten, die zu ihrem Marktsegment passen, oder die M\u00f6glichkeit, sich mit einer sicheren API in bestehende Systeme zu integrieren. Die Engineering-Dienstleistungen von CTModule, kombiniert mit unserem eigenen Entwicklungswerkzeug CTMaker\u00ae und dem Callisto-Plattformkonzept f\u00fcr massgeschneiderte Applikationen, bieten alle Vorteile, die man von einer Software-Entwicklungsfirma erwartet. Unsere &#171;One-Stop-Shop&#187;-Dienstleistungen sind der schnellste, kosteng\u00fcnstigste und effektivste Weg, um die Nachfrage nach individuellen, professionellen und integrierten Unified Communications-L\u00f6sungen f\u00fcr vertikale M\u00e4rkte zu befriedigen.<\/p>\n<p>CTModule ist ihr Partner f\u00fcr UCC-Anwendungsentwicklungen f\u00fcr vertikale M\u00e4rkte. Basierend auf Callistos Open Application Manager (OAM) und API-Konzept und unserer breiten Expertise in integrierten Kommunikations- und Internet-Technologien, k\u00f6nnen wir unser Portfolio schnell an unterschiedliche Marktanforderungen anpassen.<\/p>\n<p>Die Expertise, das Wissen, die modularen Produkte und der Marktfokus von CTModule garantieren einen professionellen und kosteneffizienten Weg, um im Markt einen Unterschied zu machen. Wann immer Sie einen Kundenwunsch, eine eigene Anforderung oder eine Gesch\u00e4ftsidee f\u00fcr eine neue Marktchance haben, liefern wir die fehlenden Teile..<\/p>\n<p><em>Weitere Vorteile:<\/em><\/p>\n<ul>\n<li>Sparen Sie mit dem Callisto-Konzept f\u00fcr massgeschneiderte Anwendungen Zeit, von der Realisierung bis zur Marktf\u00e4higkeit Ihrer Produkt- und\/oder Dienstleistungsidee in Ihrer Branche<\/li>\n<li>Sch\u00fctzen Sie Ihre Investitionen durch die unbegrenzte Erweiterbarkeit der Plattform mit neuen bestehenden und massgeschneiderten Applikationen, die auf Modularit\u00e4t und dem OAM-Konzept von Callisto basiert<\/li>\n<li>Vertrauen Sie darauf, dass ihre kundenspezifischen Anwendungen dank des Callisto OAM-Konzepts niemals auslaufen werden (Versionspfad der Plattform wird ber\u00fccksichtigt)<\/li>\n<li>Sie erhalten von uns professionelle Unterst\u00fctzung, von der Spezifikations- bis zur Entwicklungs- und Wartungsphase, um Ihr Produkt oder Ihre Dienstleistung zeit- und marktgerecht zu realisieren<\/li>\n<li>Sie erhalten eine strenge Kostenkontrolle \u00fcber Ihr Entwicklungsbudget mit vordefinierten Kosten<\/li>\n<li>Sie erhalten professionelle Unterst\u00fctzung bei der Installation und der Konfiguration Ihrer massgeschneiderten L\u00f6sungen<\/li>\n<\/ul>\n<h2>Schulungen<\/h2><p>CTModule bietet spezialisierte Schulungen f\u00fcr Service Provider und Systemintegratoren an, die CTModule-Produkte professionell vermarkten, verkaufen, installieren, konfigurieren und unterst\u00fctzen wollen. Deshalb werden entsprechende Schulungen f\u00fcr technisches und f\u00fcr Verkaufspersonal angeboten.<\/p>\n<p>Die technischen Trainings f\u00fcr Delivery-, Support- und Operations-Ingenieure sind wie folgt definiert:<\/p>\n<p><em>Technische Schulungskurse:<\/em><\/p>\n<ul>\n<li>Callisto Grundschulung: Callisto Plattform Grundschulung (Basic Training)<\/li>\n<li>Callisto Advanced Training: Plattform Advanced Training, inkl. 5 Module<\/li>\n<li>Callisto Experten-Schulung: Plattform Expert Training, inkl. weiterer 5 Module<\/li>\n<li>Callisto Master-Schulung:\u00a0Speziell ausgezeichnetes Training f\u00fcr hochqualifizierte Ingenieure<\/li>\n<\/ul>\n<p>Das Vertriebstraining vermittelt grundlegende Produktkenntnisse und zeigt anhand von Beispielen, wie Sie innovative Ideen in wirtschaftlichen Erfolg umwandeln oder Ihr Managed Services-Potenzial aussch\u00f6pfen k\u00f6nnen.<\/p>\n<p><em>Vertriebsschulungen:<\/em><\/p>\n<ul>\n<li>Callisto Vertriebsspezialist: Wie man die Callisto Plattform vermarktet und verkauft plus 5 Module<\/li>\n<li>Callisto Sales Expert: Wie man die Callisto Plattform vermarktet und verkauft plus weitere 5 Module<\/li>\n<li>Callisto Vertriebs-Master: Sonderauszeichnung f\u00fcr Top-Verk\u00e4ufer<\/li>\n<\/ul>\n<p>Webinare f\u00fcr Sales und Technical Training folgen in K\u00fcrze. Bitte informieren sie sich etwas sp\u00e4ter wieder dar\u00fcber.<\/p>\n<p>CTModule bietet auch massgeschneiderte Kurse oder Endkundenschulungen auf Anfrage an. Senden Sie uns einfach eine E-Mail, und wir werden Sie mit einem Angebot kontaktieren.<\/p>\n<h2>Beratung<\/h2><p>Die Beratungsdienstleistungen von CTModule bieten Ihnen professionelle Unterst\u00fctzung bei der Entwicklung von Produkt- und Dienstleistungsstrategien, bei der Definition von Spezifikationen und bei der Suche nach kundenorientierten L\u00f6sungen in schnelllebigen M\u00e4rkten. Die Projektleiter von CTModule k\u00f6nnen Projekte schnell erfassen, strukturieren und planen. Wir verf\u00fcgen \u00fcber fundierte Kenntnisse von UCC-M\u00e4rkten, Analysestrategien, Prozessdefinitionen, Software-Design, Protokollen und Schnittstellen. Ihr Nutzen: effiziente und durchdachte Produkt- oder Dienstleistungsentwicklung sowie Kosteneinsparungen bei Entwicklung, Inbetriebnahme und Einsatz der Produkte oder Dienstleistungen.<\/p>\n","protected":false},"excerpt":{"rendered":"<p>Services rund um unsere Produkte &#8211; Zuverl\u00e4ssigkeit durch Qualit\u00e4tsbewusstsein<\/p>\n","protected":false},"author":1,"featured_media":0,"parent":0,"menu_order":10,"comment_status":"closed","ping_status":"closed","template":"","meta":{"_acf_changed":false,"footnotes":""},"class_list":["post-5134","page","type-page","status-publish","hentry"],"acf":[],"yoast_head":"<!-- This site is optimized with the Yoast SEO Premium plugin v26.4 (Yoast SEO v27.2) - https:\/\/yoast.com\/product\/yoast-seo-premium-wordpress\/ -->\n<title>Services &#8211; CTModule<\/title>\n<meta name=\"description\" content=\"-2811\" \/>\n<meta name=\"robots\" content=\"index, follow, max-snippet:-1, max-image-preview:large, max-video-preview:-1\" \/>\n<link rel=\"canonical\" href=\"https:\/\/www.ctmodule.com\/de\/services\/\" \/>\n<meta property=\"og:locale\" content=\"de_DE\" \/>\n<meta property=\"og:type\" content=\"article\" \/>\n<meta property=\"og:title\" content=\"Services\" \/>\n<meta property=\"og:description\" content=\"-2811\" \/>\n<meta property=\"og:url\" content=\"https:\/\/www.ctmodule.com\/de\/services\/\" \/>\n<meta property=\"og:site_name\" content=\"CTModule\" \/>\n<meta property=\"article:modified_time\" content=\"2025-12-09T10:16:01+00:00\" \/>\n<meta name=\"twitter:card\" content=\"summary_large_image\" \/>\n<meta name=\"twitter:site\" content=\"@CtModule\" \/>\n<meta name=\"twitter:label1\" content=\"Gesch\u00e4tzte Lesezeit\" \/>\n\t<meta name=\"twitter:data1\" content=\"6\u00a0Minuten\" \/>\n<script type=\"application\/ld+json\" class=\"yoast-schema-graph\">{\"@context\":\"https:\/\/schema.org\",\"@graph\":[{\"@type\":\"WebPage\",\"@id\":\"https:\/\/www.ctmodule.com\/de\/services\/\",\"url\":\"https:\/\/www.ctmodule.com\/de\/services\/\",\"name\":\"Services &#8211; CTModule\",\"isPartOf\":{\"@id\":\"https:\/\/www.ctmodule.com\/de\/#website\"},\"datePublished\":\"2021-02-15T15:29:30+00:00\",\"dateModified\":\"2025-12-09T10:16:01+00:00\",\"description\":\"-2811\",\"breadcrumb\":{\"@id\":\"https:\/\/www.ctmodule.com\/de\/services\/#breadcrumb\"},\"inLanguage\":\"de-CH\",\"potentialAction\":[{\"@type\":\"ReadAction\",\"target\":[\"https:\/\/www.ctmodule.com\/de\/services\/\"]}]},{\"@type\":\"BreadcrumbList\",\"@id\":\"https:\/\/www.ctmodule.com\/de\/services\/#breadcrumb\",\"itemListElement\":[{\"@type\":\"ListItem\",\"position\":1,\"name\":\"Home\",\"item\":\"https:\/\/www.ctmodule.com\/de\/\"},{\"@type\":\"ListItem\",\"position\":2,\"name\":\"Services\"}]},{\"@type\":\"WebSite\",\"@id\":\"https:\/\/www.ctmodule.com\/de\/#website\",\"url\":\"https:\/\/www.ctmodule.com\/de\/\",\"name\":\"CTModule\",\"description\":\"Communication Technology Modules\",\"publisher\":{\"@id\":\"https:\/\/www.ctmodule.com\/de\/#organization\"},\"potentialAction\":[{\"@type\":\"SearchAction\",\"target\":{\"@type\":\"EntryPoint\",\"urlTemplate\":\"https:\/\/www.ctmodule.com\/de\/?s={search_term_string}\"},\"query-input\":{\"@type\":\"PropertyValueSpecification\",\"valueRequired\":true,\"valueName\":\"search_term_string\"}}],\"inLanguage\":\"de-CH\"},{\"@type\":\"Organization\",\"@id\":\"https:\/\/www.ctmodule.com\/de\/#organization\",\"name\":\"CTModule AG\",\"alternateName\":\"CTModule\",\"url\":\"https:\/\/www.ctmodule.com\/de\/\",\"logo\":{\"@type\":\"ImageObject\",\"inLanguage\":\"de-CH\",\"@id\":\"https:\/\/www.ctmodule.com\/de\/#\/schema\/logo\/image\/\",\"url\":\"https:\/\/www.ctmodule.com\/wp-content\/uploads\/ctmodule.png\",\"contentUrl\":\"https:\/\/www.ctmodule.com\/wp-content\/uploads\/ctmodule.png\",\"width\":696,\"height\":696,\"caption\":\"CTModule AG\"},\"image\":{\"@id\":\"https:\/\/www.ctmodule.com\/de\/#\/schema\/logo\/image\/\"},\"sameAs\":[\"https:\/\/x.com\/CtModule\",\"https:\/\/www.linkedin.com\/company\/ctmodule\"]}]}<\/script>\n<!-- \/ Yoast SEO Premium plugin. -->","yoast_head_json":{"title":"Services &#8211; CTModule","description":"-2811","robots":{"index":"index","follow":"follow","max-snippet":"max-snippet:-1","max-image-preview":"max-image-preview:large","max-video-preview":"max-video-preview:-1"},"canonical":"https:\/\/www.ctmodule.com\/de\/services\/","og_locale":"de_DE","og_type":"article","og_title":"Services","og_description":"-2811","og_url":"https:\/\/www.ctmodule.com\/de\/services\/","og_site_name":"CTModule","article_modified_time":"2025-12-09T10:16:01+00:00","twitter_card":"summary_large_image","twitter_site":"@CtModule","twitter_misc":{"Gesch\u00e4tzte Lesezeit":"6\u00a0Minuten"},"schema":{"@context":"https:\/\/schema.org","@graph":[{"@type":"WebPage","@id":"https:\/\/www.ctmodule.com\/de\/services\/","url":"https:\/\/www.ctmodule.com\/de\/services\/","name":"Services &#8211; CTModule","isPartOf":{"@id":"https:\/\/www.ctmodule.com\/de\/#website"},"datePublished":"2021-02-15T15:29:30+00:00","dateModified":"2025-12-09T10:16:01+00:00","description":"-2811","breadcrumb":{"@id":"https:\/\/www.ctmodule.com\/de\/services\/#breadcrumb"},"inLanguage":"de-CH","potentialAction":[{"@type":"ReadAction","target":["https:\/\/www.ctmodule.com\/de\/services\/"]}]},{"@type":"BreadcrumbList","@id":"https:\/\/www.ctmodule.com\/de\/services\/#breadcrumb","itemListElement":[{"@type":"ListItem","position":1,"name":"Home","item":"https:\/\/www.ctmodule.com\/de\/"},{"@type":"ListItem","position":2,"name":"Services"}]},{"@type":"WebSite","@id":"https:\/\/www.ctmodule.com\/de\/#website","url":"https:\/\/www.ctmodule.com\/de\/","name":"CTModule","description":"Communication Technology Modules","publisher":{"@id":"https:\/\/www.ctmodule.com\/de\/#organization"},"potentialAction":[{"@type":"SearchAction","target":{"@type":"EntryPoint","urlTemplate":"https:\/\/www.ctmodule.com\/de\/?s={search_term_string}"},"query-input":{"@type":"PropertyValueSpecification","valueRequired":true,"valueName":"search_term_string"}}],"inLanguage":"de-CH"},{"@type":"Organization","@id":"https:\/\/www.ctmodule.com\/de\/#organization","name":"CTModule AG","alternateName":"CTModule","url":"https:\/\/www.ctmodule.com\/de\/","logo":{"@type":"ImageObject","inLanguage":"de-CH","@id":"https:\/\/www.ctmodule.com\/de\/#\/schema\/logo\/image\/","url":"https:\/\/www.ctmodule.com\/wp-content\/uploads\/ctmodule.png","contentUrl":"https:\/\/www.ctmodule.com\/wp-content\/uploads\/ctmodule.png","width":696,"height":696,"caption":"CTModule AG"},"image":{"@id":"https:\/\/www.ctmodule.com\/de\/#\/schema\/logo\/image\/"},"sameAs":["https:\/\/x.com\/CtModule","https:\/\/www.linkedin.com\/company\/ctmodule"]}]}},"_links":{"self":[{"href":"https:\/\/www.ctmodule.com\/de\/wp-json\/wp\/v2\/pages\/5134","targetHints":{"allow":["GET"]}}],"collection":[{"href":"https:\/\/www.ctmodule.com\/de\/wp-json\/wp\/v2\/pages"}],"about":[{"href":"https:\/\/www.ctmodule.com\/de\/wp-json\/wp\/v2\/types\/page"}],"author":[{"embeddable":true,"href":"https:\/\/www.ctmodule.com\/de\/wp-json\/wp\/v2\/users\/1"}],"replies":[{"embeddable":true,"href":"https:\/\/www.ctmodule.com\/de\/wp-json\/wp\/v2\/comments?post=5134"}],"version-history":[{"count":2,"href":"https:\/\/www.ctmodule.com\/de\/wp-json\/wp\/v2\/pages\/5134\/revisions"}],"predecessor-version":[{"id":16935,"href":"https:\/\/www.ctmodule.com\/de\/wp-json\/wp\/v2\/pages\/5134\/revisions\/16935"}],"wp:attachment":[{"href":"https:\/\/www.ctmodule.com\/de\/wp-json\/wp\/v2\/media?parent=5134"}],"curies":[{"name":"wp","href":"https:\/\/api.w.org\/{rel}","templated":true}]}}