{"id":5150,"date":"2021-02-16T09:24:45","date_gmt":"2021-02-16T09:24:45","guid":{"rendered":"http:\/\/192.168.100.222\/?page_id=5150"},"modified":"2026-03-27T11:57:05","modified_gmt":"2026-03-27T11:57:05","slug":"ueber-uns","status":"publish","type":"page","link":"https:\/\/www.ctmodule.com\/de\/ueber-uns\/","title":{"rendered":"\u00dcber uns"},"content":{"rendered":"<h1>Wir sind CTModule<\/h1><h2>Modularit\u00e4t und Flexibilit\u00e4t zur Verbesserung ihrer Kommunikation ist unsere Leidenschaft<\/h2><h2>Das sind wir \u2013 CTModule<\/h2><p>Wir sind ein multinationales Schweizer Software\u00adunternehmen mit mehr als 20 Jahren Erfahrung im Bereich von Unified Communication und Collaboration (UCC)-L\u00f6sungen. Wir bieten eine einzigartige Applikations\u00adplattform namens Callisto f\u00fcr f\u00fchrende UCC-Hersteller wie Cisco Systems und andere IP-PBX-Produzenten.<\/p>\n<p>Unsere Mission ist es, Systemintegratoren und Service Provider zu unterst\u00fctzen, die Kommunikationsinfrastruktur ihrer Kunden f\u00fcr vertikale M\u00e4rkte \u2013 wie Enterprise Communications, Cruise, Hotel, Healthcare und mehr \u2013 zu verbessern.<\/p>\n<p>Wir starten dort, wo andere stoppen. Die breite Auswahl an Anwendungsmodulen f\u00fcr jeden Markt katapultiert Callisto in eine marktf\u00fchrende Position. Von On-Prem- bis zu Cloud\/UCaaS-Projekten machen wir es Unternehmen auf der ganzen Welt leicht, ihre Kommunikation auf die n\u00e4chste Stufe zu bringen.<\/p>\n<p>In einem sich st\u00e4ndig ver\u00e4ndernden Markt brauchen Sie einen soliden Partner mit einer anpassungsf\u00e4higen und modularen Plattform: Callisto.<\/p>\n<p>Unsere USPs: All-in-one, modular, einfach, flexibel, massgeschneidert, green-IT und niedrigste TCO auf dem Markt.<\/p>\n<h2><\/h2><h2 class=\"centred\">Unsere Vision<\/h2>\n<p style=\"text-align: center;\"><strong>Wir erleichtern und verbessern die Kommunikation von Menschen im Gesch\u00e4ftsalltag.<\/strong><\/p>\n<h2>Unsere Philosophie<\/h2><h4>Wir tun\u2026<\/h4>\n<p>\u2026alles, um Ihnen zu helfen, Ihre Ziele im Bereich der Telefonie und Unified Communication und Collaboration-L\u00f6sungen schnell, zielgerichtet, effizient, erfolgreich und kosteng\u00fcnstig zu erreichen und Ihre Kommunikationsprozesse zu vereinfachen. Ihre vollste Zufriedenheit ist unsere Motivation!<\/p>\n<h4>Wir sind\u2026<\/h4>\n<p>\u2026ein voll motiviertes und leistungsstarkes Team mit gro\u00dfem Potenzial und Know-how im Bereich der Kommunikations- und Internettechnologien. Das macht uns zum idealen Partner f\u00fcr Sie!<\/p>\n<h4>Wir wollen\u2026<\/h4>\n<p>\u2026diejenigen sein, die Ihnen das \u00abfehlende St\u00fcck\u00bb liefern, und Ihnen mit unserer professionellen Unterst\u00fctzung erm\u00f6glichen, Ihren Kunden die gew\u00fcnschten, besten Produkte und Dienstleistungen anbieten zu k\u00f6nnen. Wir tun unser Allerbestes, um gemeinsam mit Ihnen in diesem Bestreben ein erfolgreiches Team zu bilden!<\/p>\n<h4>Wir arbeiten\u2026<\/h4>\n<p>\u2026in einer engen und kooperativen Partnerschaft mit Ihnen und Ihren Kunden als Gesch\u00e4fts-, Integrations- oder Technologiepartner zusammen. Daraus ergibt sich eine Win-Win-Win-Situation f\u00fcr alle Beteiligten!<\/p>\n<h4>Wir wissen\u2026<\/h4>\n<p>\u2026alles \u00fcber Kommunikations- und Internettechnologien, und bilden uns stetig weiter. Damit k\u00f6nnen Sie sich auf Ihr Kerngesch\u00e4ft konzentrieren!<\/p>\n<h4>Wir nutzen\u2026<\/h4>\n<p>\u2026die neuesten Technologien und Tools und arbeiten in h\u00f6chster Qualit\u00e4t, um zu gew\u00e4hrleisten, dass unsere gemeinsamen L\u00f6sungen in h\u00f6chster Qualit\u00e4t auf dem neuesten Stand der Technik sind. Dies stellt sicher, dass Sie das Beste aus Ihrer Investition in Ihre Produkte und Dienstleistungen herausholen und eine hohe Kundenzufriedenheit erreichen.<\/p>\n<h4>Wir sch\u00fctzen\u2026<\/h4>\n<p>\u2026Ihre Investition, indem wir modular sind, nur offene Standards verwenden, massgeschneiderte Entwicklungen bereitstellen und unsere Produkte kontinuierlich weiterentwickeln. Daraus ergibt sich eine langj\u00e4hrige, freundschaftliche und erfolgreiche Partnerschaft mit Ihnen und Ihren Kunden.<\/p>\n<h2><\/h2><h2 class=\"centred\">Unsere Mission<\/h2>\n<p style=\"text-align: center;\"><strong>Wir sind ein f\u00fchrender, nachhaltiger, globaler Partner in der technischen Unternehmenskommunikation, indem wir unsere Produkte und Dienstleistungen \u00fcber alle Branchen mit hoher Qualit\u00e4t, Modularit\u00e4t, Flexibilit\u00e4t, Einfachheit und geringem Ressourcenbedarf anbieten.<\/strong><\/p>\n<h2>Arbeiten Sie mit uns in unserem technischen Team<\/h2><h3 class=\"spanall\">Gestalte deine Zukunft erfolgreich mit CTModule!<\/h3>\n<p class=\"spanall\">Ein Unternehmen ist das koordinierte Zusammenspiel von Menschen, die sich gemeinsam auf den Erfolg im Markt ausrichten. Unsere Mitarbeiter(innen) \u2013 oder besser gesagt <em>wir<\/em> \u2013 sind CTModule und sind \u00fcberzeugt, dass wir als Team und in Zusammenarbeit mit unseren Partnern einer erfolgreichen Zukunft entgegensteuern. Teile diesen Erfolg mit uns in unserem Entwicklungsteam! Arbeite mit uns an unserem f\u00fchrenden Produkt f\u00fcr Unternehmen in den verschiedensten Branchen!<\/p>\n<h3 class=\"spanall\">Wir suchen: Eine(n) Java Software Entwickler(in) mit mehrj\u00e4hriger Erfahrung, idealerweise in der Entwicklung von Telekommunikationssoftware.<\/h3>\n<h4>Wir w\u00fcnschen uns jemanden, der\/die:<\/h4>\n<ul>\n<li>Ein guter Teamplayer ist<\/li>\n<li>Vielseitig einsetzbar ist<\/li>\n<li>Kundenorientiert und kompetent ist<\/li>\n<li>Engagiert ist und dazu beitr\u00e4gt, gemeinsam festgelegte Ziele fristgerecht zu erreichen<\/li>\n<li>Erfahrung in der Programmierung von serverbasierten und Web-Anwendungen<\/li>\n<li>Erfahrung in Java, HTML, CSS, JavaScript und SQL besitzt<\/li>\n<li>Hervorragende m\u00fcndliche und schriftliche Englischkenntnisse hat<\/li>\n<\/ul>\n<h4>Wir bieten:<\/h4>\n<ul>\n<li>Ein angenehmes, flexibles Arbeitsumfeld<\/li>\n<li>Vollzeit- oder Teilzeitstellen<\/li>\n<li>Zugang zu modernster Technologie in einer attraktiven Branche<\/li>\n<li>Moderne Arbeitsbedingungen und Infrastruktur<\/li>\n<li>Entwicklungsm\u00f6glichkeiten<\/li>\n<li>Verantwortung und Eigenst\u00e4ndigkeit<\/li>\n<li>Arbeitsort: Bern, Schweiz<\/li>\n<\/ul>\n<p>Dein n\u00e4chster Schritt:<\/p>\n<p>Wir freuen uns auf deine Bewerbungsunterlagen! Wenn Du Fragen hast, sag uns einfach Bescheid.<\/p>\n<p><a href=\"mailto:box@ctmodule.com\">box@ctmodule.com<\/a><\/p>\n","protected":false},"excerpt":{"rendered":"<p>Wir \u00fcber uns: Modularit\u00e4t und Flexibilit\u00e4t zur Verbesserung Ihrer Kommunikation ist unsere Leidenschaft<\/p>\n","protected":false},"author":1,"featured_media":0,"parent":0,"menu_order":13,"comment_status":"closed","ping_status":"closed","template":"","meta":{"_acf_changed":false,"footnotes":""},"class_list":["post-5150","page","type-page","status-publish","hentry"],"acf":[],"yoast_head":"<!-- This site is optimized with the Yoast SEO Premium plugin v26.4 (Yoast SEO v27.2) - https:\/\/yoast.com\/product\/yoast-seo-premium-wordpress\/ -->\n<title>\u00dcber uns &#8211; CTModule<\/title>\n<meta name=\"robots\" content=\"index, follow, max-snippet:-1, max-image-preview:large, max-video-preview:-1\" \/>\n<link rel=\"canonical\" href=\"https:\/\/www.ctmodule.com\/de\/ueber-uns\/\" \/>\n<meta property=\"og:locale\" content=\"de_DE\" \/>\n<meta property=\"og:type\" content=\"article\" \/>\n<meta property=\"og:title\" content=\"\u00dcber uns\" \/>\n<meta property=\"og:description\" content=\"Wir \u00fcber uns: Modularit\u00e4t und Flexibilit\u00e4t zur Verbesserung Ihrer Kommunikation ist unsere Leidenschaft\" \/>\n<meta property=\"og:url\" content=\"https:\/\/www.ctmodule.com\/de\/ueber-uns\/\" \/>\n<meta property=\"og:site_name\" content=\"CTModule\" \/>\n<meta property=\"article:modified_time\" content=\"2026-03-27T11:57:05+00:00\" \/>\n<meta name=\"twitter:card\" content=\"summary_large_image\" \/>\n<meta name=\"twitter:site\" content=\"@CtModule\" \/>\n<meta name=\"twitter:label1\" content=\"Gesch\u00e4tzte Lesezeit\" \/>\n\t<meta name=\"twitter:data1\" content=\"3\u00a0Minuten\" \/>\n<script type=\"application\/ld+json\" class=\"yoast-schema-graph\">{\"@context\":\"https:\/\/schema.org\",\"@graph\":[{\"@type\":\"WebPage\",\"@id\":\"https:\/\/www.ctmodule.com\/de\/ueber-uns\/\",\"url\":\"https:\/\/www.ctmodule.com\/de\/ueber-uns\/\",\"name\":\"\u00dcber uns &#8211; CTModule\",\"isPartOf\":{\"@id\":\"https:\/\/www.ctmodule.com\/de\/#website\"},\"datePublished\":\"2021-02-16T09:24:45+00:00\",\"dateModified\":\"2026-03-27T11:57:05+00:00\",\"breadcrumb\":{\"@id\":\"https:\/\/www.ctmodule.com\/de\/ueber-uns\/#breadcrumb\"},\"inLanguage\":\"de-CH\",\"potentialAction\":[{\"@type\":\"ReadAction\",\"target\":[\"https:\/\/www.ctmodule.com\/de\/ueber-uns\/\"]}]},{\"@type\":\"BreadcrumbList\",\"@id\":\"https:\/\/www.ctmodule.com\/de\/ueber-uns\/#breadcrumb\",\"itemListElement\":[{\"@type\":\"ListItem\",\"position\":1,\"name\":\"Home\",\"item\":\"https:\/\/www.ctmodule.com\/de\/\"},{\"@type\":\"ListItem\",\"position\":2,\"name\":\"\u00dcber uns\"}]},{\"@type\":\"WebSite\",\"@id\":\"https:\/\/www.ctmodule.com\/de\/#website\",\"url\":\"https:\/\/www.ctmodule.com\/de\/\",\"name\":\"CTModule\",\"description\":\"Communication Technology Modules\",\"publisher\":{\"@id\":\"https:\/\/www.ctmodule.com\/de\/#organization\"},\"potentialAction\":[{\"@type\":\"SearchAction\",\"target\":{\"@type\":\"EntryPoint\",\"urlTemplate\":\"https:\/\/www.ctmodule.com\/de\/?s={search_term_string}\"},\"query-input\":{\"@type\":\"PropertyValueSpecification\",\"valueRequired\":true,\"valueName\":\"search_term_string\"}}],\"inLanguage\":\"de-CH\"},{\"@type\":\"Organization\",\"@id\":\"https:\/\/www.ctmodule.com\/de\/#organization\",\"name\":\"CTModule AG\",\"alternateName\":\"CTModule\",\"url\":\"https:\/\/www.ctmodule.com\/de\/\",\"logo\":{\"@type\":\"ImageObject\",\"inLanguage\":\"de-CH\",\"@id\":\"https:\/\/www.ctmodule.com\/de\/#\/schema\/logo\/image\/\",\"url\":\"https:\/\/www.ctmodule.com\/wp-content\/uploads\/ctmodule.png\",\"contentUrl\":\"https:\/\/www.ctmodule.com\/wp-content\/uploads\/ctmodule.png\",\"width\":696,\"height\":696,\"caption\":\"CTModule AG\"},\"image\":{\"@id\":\"https:\/\/www.ctmodule.com\/de\/#\/schema\/logo\/image\/\"},\"sameAs\":[\"https:\/\/x.com\/CtModule\",\"https:\/\/www.linkedin.com\/company\/ctmodule\"]}]}<\/script>\n<!-- \/ Yoast SEO Premium plugin. -->","yoast_head_json":{"title":"\u00dcber uns &#8211; CTModule","robots":{"index":"index","follow":"follow","max-snippet":"max-snippet:-1","max-image-preview":"max-image-preview:large","max-video-preview":"max-video-preview:-1"},"canonical":"https:\/\/www.ctmodule.com\/de\/ueber-uns\/","og_locale":"de_DE","og_type":"article","og_title":"\u00dcber uns","og_description":"Wir \u00fcber uns: Modularit\u00e4t und Flexibilit\u00e4t zur Verbesserung Ihrer Kommunikation ist unsere Leidenschaft","og_url":"https:\/\/www.ctmodule.com\/de\/ueber-uns\/","og_site_name":"CTModule","article_modified_time":"2026-03-27T11:57:05+00:00","twitter_card":"summary_large_image","twitter_site":"@CtModule","twitter_misc":{"Gesch\u00e4tzte Lesezeit":"3\u00a0Minuten"},"schema":{"@context":"https:\/\/schema.org","@graph":[{"@type":"WebPage","@id":"https:\/\/www.ctmodule.com\/de\/ueber-uns\/","url":"https:\/\/www.ctmodule.com\/de\/ueber-uns\/","name":"\u00dcber uns &#8211; CTModule","isPartOf":{"@id":"https:\/\/www.ctmodule.com\/de\/#website"},"datePublished":"2021-02-16T09:24:45+00:00","dateModified":"2026-03-27T11:57:05+00:00","breadcrumb":{"@id":"https:\/\/www.ctmodule.com\/de\/ueber-uns\/#breadcrumb"},"inLanguage":"de-CH","potentialAction":[{"@type":"ReadAction","target":["https:\/\/www.ctmodule.com\/de\/ueber-uns\/"]}]},{"@type":"BreadcrumbList","@id":"https:\/\/www.ctmodule.com\/de\/ueber-uns\/#breadcrumb","itemListElement":[{"@type":"ListItem","position":1,"name":"Home","item":"https:\/\/www.ctmodule.com\/de\/"},{"@type":"ListItem","position":2,"name":"\u00dcber uns"}]},{"@type":"WebSite","@id":"https:\/\/www.ctmodule.com\/de\/#website","url":"https:\/\/www.ctmodule.com\/de\/","name":"CTModule","description":"Communication Technology Modules","publisher":{"@id":"https:\/\/www.ctmodule.com\/de\/#organization"},"potentialAction":[{"@type":"SearchAction","target":{"@type":"EntryPoint","urlTemplate":"https:\/\/www.ctmodule.com\/de\/?s={search_term_string}"},"query-input":{"@type":"PropertyValueSpecification","valueRequired":true,"valueName":"search_term_string"}}],"inLanguage":"de-CH"},{"@type":"Organization","@id":"https:\/\/www.ctmodule.com\/de\/#organization","name":"CTModule AG","alternateName":"CTModule","url":"https:\/\/www.ctmodule.com\/de\/","logo":{"@type":"ImageObject","inLanguage":"de-CH","@id":"https:\/\/www.ctmodule.com\/de\/#\/schema\/logo\/image\/","url":"https:\/\/www.ctmodule.com\/wp-content\/uploads\/ctmodule.png","contentUrl":"https:\/\/www.ctmodule.com\/wp-content\/uploads\/ctmodule.png","width":696,"height":696,"caption":"CTModule AG"},"image":{"@id":"https:\/\/www.ctmodule.com\/de\/#\/schema\/logo\/image\/"},"sameAs":["https:\/\/x.com\/CtModule","https:\/\/www.linkedin.com\/company\/ctmodule"]}]}},"_links":{"self":[{"href":"https:\/\/www.ctmodule.com\/de\/wp-json\/wp\/v2\/pages\/5150","targetHints":{"allow":["GET"]}}],"collection":[{"href":"https:\/\/www.ctmodule.com\/de\/wp-json\/wp\/v2\/pages"}],"about":[{"href":"https:\/\/www.ctmodule.com\/de\/wp-json\/wp\/v2\/types\/page"}],"author":[{"embeddable":true,"href":"https:\/\/www.ctmodule.com\/de\/wp-json\/wp\/v2\/users\/1"}],"replies":[{"embeddable":true,"href":"https:\/\/www.ctmodule.com\/de\/wp-json\/wp\/v2\/comments?post=5150"}],"version-history":[{"count":9,"href":"https:\/\/www.ctmodule.com\/de\/wp-json\/wp\/v2\/pages\/5150\/revisions"}],"predecessor-version":[{"id":17024,"href":"https:\/\/www.ctmodule.com\/de\/wp-json\/wp\/v2\/pages\/5150\/revisions\/17024"}],"wp:attachment":[{"href":"https:\/\/www.ctmodule.com\/de\/wp-json\/wp\/v2\/media?parent=5150"}],"curies":[{"name":"wp","href":"https:\/\/api.w.org\/{rel}","templated":true}]}}