{"id":228,"date":"2020-10-15T14:24:45","date_gmt":"2020-10-15T14:24:45","guid":{"rendered":"http:\/\/192.168.100.222\/?page_id=228"},"modified":"2025-01-14T11:00:09","modified_gmt":"2025-01-14T11:00:09","slug":"modules","status":"publish","type":"page","link":"https:\/\/www.ctmodule.com\/en\/modules\/","title":{"rendered":"Modules"},"content":{"rendered":"<h1>Callisto UCC applications<\/h1><h2>Callisto Module Store \u2013 more UCC applications than anywhere else<\/h2><p><p>Callisto is suitable for every industry and scales from small to large. Flexible, modular, tailor-made, and qualitative; this system serves micro-companies up to large corporations, like finance, industry, retail, or tourism.<\/p>\n<p>Whatever requirements you and your customers have, you'll find it below in our Module Store, the world's most extensive UCC application offering.<\/p>\n<\/p><h2>Darum ist Callisto f\u00fcr Sie die beste Wahl<\/h2><h3>All-in-one<\/h3><p>Mit \u00fcber 50 Applikationen ist Callisto die weltweit umfassendste Applikationsplattform f\u00fcr UCC-L\u00f6sungen. Der all-in-one Ansatz verhilft allen Return-on-Investment massiv zu senken.<\/p><h3>Modularit\u00e4t<\/h3><p>Die Modularit\u00e4t und die Vielfalt an Applikationen, l\u00e4sst Callisto zur weltweit flexibelsten Plattform f\u00fcr UCC-L\u00f6sungen werden. Die Flexibilit\u00e4t der Plattform bringt Kosteneinsparungen und Zukunftssicherheit.<\/p><h3>Massgeschneidert<\/h3><p>Das weltweit einzigartige OAM Konzept von Callisto, erm\u00f6glicht es massgefertigte Applikationen live auf die Plattform einzuspielen. Davon profitieren Endkunden durch die gezielte Bedarfsdeckung und Partner um Endkunden individueller bedienen k\u00f6nnen.<\/p><h3>Green-IT<\/h3><p>Auch wenn es um die Schonung von Ressourcen geht: Callisto. Bis ca. 1000 parallele Calls bew\u00e4ltigt die Plattform mit 2&#8209;6&nbsp;GB RAM, 2&#8209;8&nbsp;CPUs und 80&nbsp;GB HD. Sowohl Endkunden wie auch die Umwelt profitieren davon. <\/p><h3>Einfachheit<\/h3><p>Die Callisto-Plattform ist von seinen Entwicklern auf Einfachheit getrimmt. Einfachheit ist im gesamten Callisto-System zu finden und er\u00f6ffnet dem Endkunden Vorteile in Bezug auf stark reduzierte Gesamtkosten des Produkts im Lebenszyklus.<\/p><h3>Flexibilit\u00e4t<\/h3><p>Flexibilit\u00e4t nicht nur durch die grosse Anzahl von Modulen: Callisto kann zudem verschiedene Soft-PBX-Systeme bedienen. Weiter ist Callisto geeignet f\u00fcr den Einsatz vor Ort und Cloud- oder Service-Modellen. Dies garantiert das Mitwachsen mit dem Endkunden.<\/p><h3>Qualit\u00e4t<\/h3><p>Hohe Qualit\u00e4t liegt in unserer DNA. Installationen, die seit Jahren fehlerfrei laufen mit mehr als 25'000 zufriedenen Benutzern und 15'000 Anrufen pro Tag, beweisen die Stabilit\u00e4t von Callisto. Unsere Partner profitieren mit einer extrem hohen Kundenzufriedenheit.<\/p><h3>Probleml\u00f6ser<\/h3><p>Callisto hat auf jedes UCC-Bed\u00fcrfnis eine Antwort: mit \u00fcber 50 Applikationen, der Modularit\u00e4t und dem OAM-Konzept f\u00fcr angepasste Applikationen, hat Callisto eine L\u00f6sung. Sowohl Endkunden wie auch Partner lieben Callisto, weil es Ihre Probleme gezielt l\u00f6st.<\/p><h3>Dienstleistungen<\/h3><p>Professionelle Dienstleistungen mit all unseren Produkten. Alle Leistungen werden von unseren Kunden t\u00e4glich gelobt, sei es in der kompetenten Verkaufsunterst\u00fctzung, dem schnellen Support oder den massgefertigten Modulen. Wir sind seit \u00fcber 20 Jahren ein verl\u00e4sslicher Partner.<\/p><h2>Let\u2019s take the next steps\u2026<\/h2><p>You are only 6 steps away from using your selected modules or collection from the Module Store:<\/p>\n<ol>\n<li>Fill out the Callisto order form or send an order to <a href=\"ma&#105;l&#116;&#111;&#58;sa&#108;&#101;&#115;&#64;&#99;t&#109;o&#100;u&#108;e&#46;com\">&#115;&#97;&#108;e&#115;&#64;&#99;&#116;mo&#100;u&#108;e&#46;&#99;om<\/a><\/li>\n<li>Your order will be confirmed within max. 2 working days<\/li>\n<li>Download the provided Callisto image (OVA) and install it on the virtual customer environment according to the Callisto deployment guide<\/li>\n<li>Proceed step by step according to the Callisto installation manual. At the point \u201cLicenses,\u201d send the Callisto start code to us indicating the order number.<\/li>\n<li>You will receive the requested license by email in max. 2 working days.<\/li>\n<li>Install the license according to the installation manual and follow the instructions in the Callisto administration manual.<\/li>\n<\/ol>\n<h2>There Are No Callisto Modules or Collections to Fit Your Needs?<\/h2><p>You were not successful with your search in the Callisto Module Store? No problem! We are happy to help. With our development system, CTMaker\u00ae, we quickly implement new requirements \u2013 a new module, module extension, or a customer-specific application. We deliver the missing piece that makes you gain a competitive advantage; see what\u2019s possible:<\/p>\n<ol>\n<li>Specify the needed requirement and send it to <a href=\"&#109;a&#105;l&#116;o&#58;s&#97;&#108;&#101;s&#64;&#99;tmo&#100;ul&#101;&#46;&#99;&#111;m\">s&#97;&#108;e&#115;&#64;&#99;&#116;&#109;odu&#108;&#101;.com<\/a><\/li>\n<li>We will contact you asap for detailed clarifications or queries<\/li>\n<li>After max. 5 working days, you will receive an offer from us<\/li>\n<li>Within a short time, you will receive the requested application, which can be uploaded to the Callisto platform without service interruption and configured with the same look &amp; feel.<\/li>\n<li>After acceptance by the partner and the customer, the application goes live at the customer\u2019s site<\/li>\n<\/ol>\n","protected":false},"excerpt":{"rendered":"<p>Callisto Module Store \u2013 more UCC applications than anywhere else<\/p>\n","protected":false},"author":1,"featured_media":0,"parent":0,"menu_order":5,"comment_status":"closed","ping_status":"closed","template":"","meta":{"_acf_changed":false,"footnotes":""},"class_list":["post-228","page","type-page","status-publish","hentry"],"acf":[],"yoast_head":"<!-- This site is optimized with the Yoast SEO Premium plugin v26.4 (Yoast SEO v27.2) - https:\/\/yoast.com\/product\/yoast-seo-premium-wordpress\/ -->\n<title>Modules &#8211; CTModule<\/title>\n<meta name=\"robots\" content=\"index, follow, max-snippet:-1, max-image-preview:large, max-video-preview:-1\" \/>\n<link rel=\"canonical\" href=\"https:\/\/www.ctmodule.com\/en\/modules\/\" \/>\n<meta property=\"og:locale\" content=\"en_GB\" \/>\n<meta property=\"og:type\" content=\"article\" \/>\n<meta property=\"og:title\" content=\"Modules\" \/>\n<meta property=\"og:description\" content=\"Callisto Module Store \u2013 more UCC applications than anywhere else\" \/>\n<meta property=\"og:url\" content=\"https:\/\/www.ctmodule.com\/en\/modules\/\" \/>\n<meta property=\"og:site_name\" content=\"CTModule\" \/>\n<meta property=\"article:modified_time\" content=\"2025-01-14T11:00:09+00:00\" \/>\n<meta name=\"twitter:card\" content=\"summary_large_image\" \/>\n<meta name=\"twitter:site\" content=\"@CtModule\" \/>\n<meta name=\"twitter:label1\" content=\"Estimated reading time\" \/>\n\t<meta name=\"twitter:data1\" content=\"3 minutes\" \/>\n<script type=\"application\/ld+json\" class=\"yoast-schema-graph\">{\"@context\":\"https:\/\/schema.org\",\"@graph\":[{\"@type\":\"WebPage\",\"@id\":\"https:\/\/www.ctmodule.com\/en\/modules\/\",\"url\":\"https:\/\/www.ctmodule.com\/en\/modules\/\",\"name\":\"Modules &#8211; CTModule\",\"isPartOf\":{\"@id\":\"https:\/\/www.ctmodule.com\/en\/#website\"},\"datePublished\":\"2020-10-15T14:24:45+00:00\",\"dateModified\":\"2025-01-14T11:00:09+00:00\",\"breadcrumb\":{\"@id\":\"https:\/\/www.ctmodule.com\/en\/modules\/#breadcrumb\"},\"inLanguage\":\"en-GB\",\"potentialAction\":[{\"@type\":\"ReadAction\",\"target\":[\"https:\/\/www.ctmodule.com\/en\/modules\/\"]}]},{\"@type\":\"BreadcrumbList\",\"@id\":\"https:\/\/www.ctmodule.com\/en\/modules\/#breadcrumb\",\"itemListElement\":[{\"@type\":\"ListItem\",\"position\":1,\"name\":\"Home\",\"item\":\"https:\/\/www.ctmodule.com\/en\/home\/\"},{\"@type\":\"ListItem\",\"position\":2,\"name\":\"Modules\"}]},{\"@type\":\"WebSite\",\"@id\":\"https:\/\/www.ctmodule.com\/en\/#website\",\"url\":\"https:\/\/www.ctmodule.com\/en\/\",\"name\":\"CTModule\",\"description\":\"Communication Technology Modules\",\"publisher\":{\"@id\":\"https:\/\/www.ctmodule.com\/en\/#organization\"},\"potentialAction\":[{\"@type\":\"SearchAction\",\"target\":{\"@type\":\"EntryPoint\",\"urlTemplate\":\"https:\/\/www.ctmodule.com\/en\/?s={search_term_string}\"},\"query-input\":{\"@type\":\"PropertyValueSpecification\",\"valueRequired\":true,\"valueName\":\"search_term_string\"}}],\"inLanguage\":\"en-GB\"},{\"@type\":\"Organization\",\"@id\":\"https:\/\/www.ctmodule.com\/en\/#organization\",\"name\":\"CTModule AG\",\"alternateName\":\"CTModule\",\"url\":\"https:\/\/www.ctmodule.com\/en\/\",\"logo\":{\"@type\":\"ImageObject\",\"inLanguage\":\"en-GB\",\"@id\":\"https:\/\/www.ctmodule.com\/en\/#\/schema\/logo\/image\/\",\"url\":\"https:\/\/www.ctmodule.com\/wp-content\/uploads\/ctmodule.png\",\"contentUrl\":\"https:\/\/www.ctmodule.com\/wp-content\/uploads\/ctmodule.png\",\"width\":696,\"height\":696,\"caption\":\"CTModule AG\"},\"image\":{\"@id\":\"https:\/\/www.ctmodule.com\/en\/#\/schema\/logo\/image\/\"},\"sameAs\":[\"https:\/\/x.com\/CtModule\",\"https:\/\/www.linkedin.com\/company\/ctmodule\"]}]}<\/script>\n<!-- \/ Yoast SEO Premium plugin. -->","yoast_head_json":{"title":"Modules &#8211; CTModule","robots":{"index":"index","follow":"follow","max-snippet":"max-snippet:-1","max-image-preview":"max-image-preview:large","max-video-preview":"max-video-preview:-1"},"canonical":"https:\/\/www.ctmodule.com\/en\/modules\/","og_locale":"en_GB","og_type":"article","og_title":"Modules","og_description":"Callisto Module Store \u2013 more UCC applications than anywhere else","og_url":"https:\/\/www.ctmodule.com\/en\/modules\/","og_site_name":"CTModule","article_modified_time":"2025-01-14T11:00:09+00:00","twitter_card":"summary_large_image","twitter_site":"@CtModule","twitter_misc":{"Estimated reading time":"3 minutes"},"schema":{"@context":"https:\/\/schema.org","@graph":[{"@type":"WebPage","@id":"https:\/\/www.ctmodule.com\/en\/modules\/","url":"https:\/\/www.ctmodule.com\/en\/modules\/","name":"Modules &#8211; CTModule","isPartOf":{"@id":"https:\/\/www.ctmodule.com\/en\/#website"},"datePublished":"2020-10-15T14:24:45+00:00","dateModified":"2025-01-14T11:00:09+00:00","breadcrumb":{"@id":"https:\/\/www.ctmodule.com\/en\/modules\/#breadcrumb"},"inLanguage":"en-GB","potentialAction":[{"@type":"ReadAction","target":["https:\/\/www.ctmodule.com\/en\/modules\/"]}]},{"@type":"BreadcrumbList","@id":"https:\/\/www.ctmodule.com\/en\/modules\/#breadcrumb","itemListElement":[{"@type":"ListItem","position":1,"name":"Home","item":"https:\/\/www.ctmodule.com\/en\/home\/"},{"@type":"ListItem","position":2,"name":"Modules"}]},{"@type":"WebSite","@id":"https:\/\/www.ctmodule.com\/en\/#website","url":"https:\/\/www.ctmodule.com\/en\/","name":"CTModule","description":"Communication Technology Modules","publisher":{"@id":"https:\/\/www.ctmodule.com\/en\/#organization"},"potentialAction":[{"@type":"SearchAction","target":{"@type":"EntryPoint","urlTemplate":"https:\/\/www.ctmodule.com\/en\/?s={search_term_string}"},"query-input":{"@type":"PropertyValueSpecification","valueRequired":true,"valueName":"search_term_string"}}],"inLanguage":"en-GB"},{"@type":"Organization","@id":"https:\/\/www.ctmodule.com\/en\/#organization","name":"CTModule AG","alternateName":"CTModule","url":"https:\/\/www.ctmodule.com\/en\/","logo":{"@type":"ImageObject","inLanguage":"en-GB","@id":"https:\/\/www.ctmodule.com\/en\/#\/schema\/logo\/image\/","url":"https:\/\/www.ctmodule.com\/wp-content\/uploads\/ctmodule.png","contentUrl":"https:\/\/www.ctmodule.com\/wp-content\/uploads\/ctmodule.png","width":696,"height":696,"caption":"CTModule AG"},"image":{"@id":"https:\/\/www.ctmodule.com\/en\/#\/schema\/logo\/image\/"},"sameAs":["https:\/\/x.com\/CtModule","https:\/\/www.linkedin.com\/company\/ctmodule"]}]}},"_links":{"self":[{"href":"https:\/\/www.ctmodule.com\/en\/wp-json\/wp\/v2\/pages\/228","targetHints":{"allow":["GET"]}}],"collection":[{"href":"https:\/\/www.ctmodule.com\/en\/wp-json\/wp\/v2\/pages"}],"about":[{"href":"https:\/\/www.ctmodule.com\/en\/wp-json\/wp\/v2\/types\/page"}],"author":[{"embeddable":true,"href":"https:\/\/www.ctmodule.com\/en\/wp-json\/wp\/v2\/users\/1"}],"replies":[{"embeddable":true,"href":"https:\/\/www.ctmodule.com\/en\/wp-json\/wp\/v2\/comments?post=228"}],"version-history":[{"count":4,"href":"https:\/\/www.ctmodule.com\/en\/wp-json\/wp\/v2\/pages\/228\/revisions"}],"predecessor-version":[{"id":16611,"href":"https:\/\/www.ctmodule.com\/en\/wp-json\/wp\/v2\/pages\/228\/revisions\/16611"}],"wp:attachment":[{"href":"https:\/\/www.ctmodule.com\/en\/wp-json\/wp\/v2\/media?parent=228"}],"curies":[{"name":"wp","href":"https:\/\/api.w.org\/{rel}","templated":true}]}}